{"id":60714,"date":"2020-03-11T18:59:44","date_gmt":"2020-03-11T17:59:44","guid":{"rendered":"https:\/\/glowmakeup.com\/konfidentsiaalsuspoliitika\/"},"modified":"2020-10-16T14:42:05","modified_gmt":"2020-10-16T13:42:05","slug":"privaatsuspoliitika","status":"publish","type":"page","link":"https:\/\/glowmakeup.com\/et\/privaatsuspoliitika\/","title":{"rendered":"Privaatsuspoliitika"},"content":{"rendered":"\n<div class=\"row\"  id=\"row-1144520399\">\n\n\n\t<div id=\"col-1748007908\" class=\"col small-12 large-12\"  >\n\t\t\t\t<div class=\"col-inner\"  >\n\t\t\t\n\t\t\t<strong>Privaatsuspoliitika<\/strong>&#13;\n<ol start=\"2018\">&#13;\n \t<li>aasta andmekaitseseaduse (seadus) ja EL-i \u00fcldise andmekaitsem\u00e4\u00e4ruse 2016\/679 (GDPR) kohaldamisel on vastutav t\u00f6\u00f6tleja Mandala Life Group Ltd (ettev\u00f5te nr 12327826), kelle registrij\u00e4rgne asukoht on Ashford, Kent, England, TN25 6SX (\u201cEttev\u00f5te \/ meie \/ meie\u201d).<\/li>&#13;\n<\/ol>&#13;\nOleme m\u00e4\u00e4ranud andmekaitseametniku, kes vastutab selle privaatsuspoliitikaga seotud k\u00fcsimuste \u00fcle. Kui teil on k\u00fcsimusi v\u00f5i soovite taotleda m\u00f5ne oma seadusliku \u00f5iguse kasutamist, p\u00f6\u00f6rduge andmekaitseametniku poole aadressil privacy@glowmakep.com GlowMakeup.com-s oleme p\u00fchendunud teie privaatsuse kaitsmisele. See privaatsuspoliitika s\u00e4testab ettev\u00f5tte privaatsusp\u00f5him\u00f5tted. Palun v\u00f5tke omale aega selle privaatsuspoliitika p\u00f5hjalikuks \u00fclelugemiseks, kuna see annab teile teada, kuidas teie isiklikku teavet t\u00f6\u00f6deldakse, kui kasutate GlowMakeup.com veebisaiti (\u201csait\u201d) ja meie teenuseid.&#13;\n&#13;\nGlowMakeup.com soovib pakkuda teile parimat v\u00f5imalikku Interneti kogemust.&#13;\n&#13;\nK\u00f5ik meie privaatsuspoliitikaga seotud k\u00fcsimused tuleb saata Mandala Life Group Ltd privaatsuspoliitika juhile e-posti aadressil\u00a0<a href=\"mailto:privacy@glowliving.eu\">privacy@glowmakeup.com<\/a>.&#13;\n&#13;\n<strong>Isiklik teave<\/strong>&#13;\n&#13;\nV\u00f5ime teie kohta automaatselt koguda mitteisiklikku teavet, n\u00e4iteks seda, millist t\u00fc\u00fcpi Interneti brausereid te kasutate v\u00f5i saiti, kust te meie saidigi linkisite. Teid ei saa selle teabe p\u00f5hjal tuvastada ja seda kasutatakse ainult meie saidil t\u00f5husa teenuse osutamiseks ja abistamiseks. V\u00f5ime aeg-ajalt edastada nende kolmandate osapoolte saitide omanikke v\u00f5i haldajaid, kellelt on v\u00f5imalik meie saidile linkida, mis puudutab nende saitidelt meie saidile linkivate kasutajate arvu. Selle teabe p\u00f5hjal ei saa teid tuvastada.&#13;\n&#13;\n<strong>Cookies<\/strong>&#13;\n&#13;\nV\u00f5ib-olla salvestame teie arvutisse m\u00f5nda teavet (\u00fcldtuntud kui k\u00fcpsist), kui vaatate meie saiti. See teave h\u00f5lbustab meie saidi kasutamist ja aitab meil m\u00f5ista, kuidas meie saiti kasutatakse. V\u00f5ite soovi korral kustutada v\u00f5i blokeerida m\u00f5ned k\u00fcpsised oma arvutist (teie abiekraan v\u00f5i juhend peaks teile seda kirjeldama), kuid m\u00f5ned GlowMakeup.com teenused ei pruugi \u00f5igesti t\u00f6\u00f6tada, kui te ei aktsepteeri k\u00fcpsised.&#13;\n&#13;\n<strong>Turundus ja side<\/strong>&#13;\n&#13;\nMeie jaoks on v\u00e4ga oluline, et pakume teile k\u00f5ige paremat teenindust. Aitamaks meil seda teha, v\u00f5ime aeg-ajalt teiega \u00fchendust v\u00f5tta, lisades \u00fcksikasju meie infolehtede, k\u00fcsitluste, toodete ja teenuste kohta, mis meie arvates v\u00f5ivad teid huvitada, aga ka asjakohased reklaamid. Kui te ei soovi mingil ajal GlowMakeup.com-st meilis\u00f5numeid saada, kl\u00f5psake lingil Loobu tellimisest, mis sisaldub iga meie saadetud meili jaluses. Teise v\u00f5imalusena saatke e-kiri pealkirjaga \u201ctellimusest loobumine\u201d e-posti aadressile\u00a0<a href=\"mailto:privacy@glowliving.eu\">privacy@glowmakeup.com<\/a>. Pange t\u00e4hele, et aktiivsed kliendid saavad ka edaspidi meilt tellimuste ja kontoga seotud teateid.&#13;\n&#13;\n<strong>Teabe kasutamise \u00f5iguslik alus?<\/strong>&#13;\n&#13;\nGlowMakeup.com kasutab v\u00f5i jagab teie isikuandmeid ainult siis, kui meil on selleks m\u00f5juv p\u00f5hjus. Need p\u00f5hjused on:&#13;\n<ul>&#13;\n \t<li>Leping \u2013 teie isikuandmeid t\u00f6\u00f6deldakse selleks, et t\u00e4ita lepinguj\u00e4rgset kokkulepet, nt. et saata teile tellimus<\/li>&#13;\n \t<li>N\u00f5usolek \u2013 kui n\u00f5ustute sellega, et kasutame teie teavet , nt. maksekaardi andmete s\u00e4ilitamiseks<\/li>&#13;\n \t<li>Seaduslikud huvid \u2013 see t\u00e4hendab GlowMakeup.com huve meie \u00e4ri juhtimisel, et v\u00f5imaldada teile parimaid tooteid ja teenust k\u00f5ige sobivamal viisil, nt. oma laovarude haldamiseks, ettev\u00f5tluse arendamiseks ja riskide juhtimiseks<\/li>&#13;\n \t<li>Juriidiline kohustus \u2013 kui seaduses n\u00f5utakse teabe kasutamist v\u00f5i jagamist, nt kui me peame teie teavet kasutama \u00f5iguskaitse eesm\u00e4rkidel v\u00f5i seadusest kinnipidamiseks<\/li>&#13;\n<\/ul>&#13;\nSiin on loetelu viisidest, kuidas v\u00f5ime teie isiklikku teavet kasutada ja millistel\u00a0 p\u00f5hjustel me seda tegema peame. Kui loetleme p\u00f5hjusena \u00f5igustatud huvid, kirjeldame allpool ka seda, mis meie arvates on need \u00f5igustatud huvid:&#13;\n&#13;\n<strong>Kes jagab teie infot ja miks?<\/strong>&#13;\n&#13;\nMe ei avalda ilma teie loata isiklikku teavet, v\u00e4lja arvatud juhul, kui meil on seaduslik \u00f5igus v\u00f5i kohustus seda teha (n\u00e4iteks kui seda n\u00f5utakse kohtuotsusega v\u00f5i pettuste \u00e4rahoidmiseks) v\u00f5i muu kuritegu). Teie isikuandmeid avaldame ja \/ v\u00f5i edastame kolmandatele isikutele ainult p\u00e4rast seda, kui olete eelnevalt v\u00f5tnud kasutusele vajalikud meetmed, et tagada teie privaatsus\u00f5iguste j\u00e4tkuv kaitse. GlowMakeup.com v\u00f5ib avaldada v\u00f5i edastada isiklikku teavet GlowMakeup.com varade \u00fcmberkorraldamise v\u00f5i m\u00fc\u00fcgi k\u00e4igus.&#13;\n&#13;\nGlowMakeup.com teeb koost\u00f6\u00f6d paljude riiklike ja rahvusvaheliste usaldusv\u00e4\u00e4rsete tarnijate, \u00fcksikisikute, agentuuride ja ettev\u00f5tetega, et pakkuda teile kvaliteetseid kaupu ja teenuseid, mida meilt ootate, n\u00e4iteks tarneettev\u00f5tted, pettuste ennetamise agentuurid, ilu- ja kosmeetikabr\u00e4ndid ning turu-uuringu ettev\u00f5tted. M\u00f5ned n\u00e4ited nende kolmandate osapoolte kategooriate kohta, kellega teie andmeid jagame:&#13;\n&#13;\n<strong>Tarnijapartnerid<\/strong>&#13;\n&#13;\nGlowMakeup.com teeb koost\u00f6\u00f6d paljude usaldusv\u00e4\u00e4rsete partneritega, kes tarnivad meie nimel tooteid ja teenuseid. Me s\u00e4ilitame minimaalset hulka isiklikku teavet, mida on vaja teie esitatud tellimuste t\u00e4itmiseks v\u00f5i nende nimel teenuse osutamiseks meie nimel.&#13;\n&#13;\n<strong>Tarnimis- ja logistika partnerid<\/strong>&#13;\n&#13;\nKaupade k\u00e4ttesaamiseks teeb GlowMakeup.com koost\u00f6\u00f6d paljude tarne- ja logistikapartneritega. Teie tellimuse eduka kohaletoimetamise tagamiseks edastame neile ainult piiratud arvu andmeid.&#13;\n&#13;\n<strong>IT-ettev\u00f5tted<\/strong>&#13;\n&#13;\nGlowMakeup.com teeb koost\u00f6\u00f6d ettev\u00f5tete ja eraisikutega, kes toetavad meie saiti ja \u00e4ris\u00fcsteeme.&#13;\n&#13;\n<strong>Turu ettev\u00f5tted<\/strong>&#13;\n&#13;\nGlowMakeup.com teeb koost\u00f6\u00f6d turundusettev\u00f5tetega, kes aitavad meil hallata teiega elektroonilist suhtlust v\u00f5i viivad meie nimel l\u00e4bi uuringuid ja toote \u00fclevaateid.&#13;\n&#13;\n<strong>Makset\u00f6\u00f6tlemise ettev\u00f5tted<\/strong>&#13;\n&#13;\nGlowMakeup.com teeb maksete turvaliseks vastuv\u00f5tmiseks ja haldamiseks koost\u00f6\u00f6d usaldusv\u00e4\u00e4rsete kolmandate osapoolte maksete t\u00f6\u00f6tlemise pakkujatega.&#13;\n&#13;\n<strong>Meie kirjade hoidmise privaatsus<\/strong>&#13;\n&#13;\nMeie eesm\u00e4rk on hoida teie teave teie kohta v\u00f5imalikultprivaatsena. Kui soovite \u00fcle vaadata v\u00f5i muuta \u00fcksikasju, mille olete meile edastanud, v\u00f5ite seda teha igal ajal, kasutades selle saidi lehte V\u00f5tke meiega \u00fchendust.&#13;\n&#13;\n<strong>Turvalisus<\/strong>&#13;\n&#13;\nPeaksite teadma, et Internet on ebakindel keskkond. Oleme rakendanud tehnoloogia- ja t\u00f6\u00f6tajate eeskirjad, mis aitavad kaitsta teie privaatsust ja kaitsta v\u00e4\u00e4rkasutamise eest. J\u00e4tkame nende meetmete ajakohastamist vastavalt vajadusele, kui uus tehnoloogia on saadaval.&#13;\n&#13;\n<strong>Kolmandate osapoolte isikud ja sotsiaalmeedia<\/strong>&#13;\n&#13;\nMe ei saa vastutada teiste kolmandate osapoolte saitide (sealhulgas, kuid mitte ainult Facebooki, YouTube\u2019i, Twitteri) privaatsuseeskirjade ja tavade ega meie saidi reklaamijate eest isegi siis, kui p\u00e4\u00e4sete neile juurde meie saidi linkide kaudu ja soovitame teil kontrollida iga k\u00fclastatud saidi eeskirju. Kui lingite meie saidiga kolmanda osapoole saidilt, ei saa me vastutada selle kolmanda osapoole saidi omanike v\u00f5i operaatorite privaatsuseeskirjade ja tavade eest ning soovitame teil vaadata selle kolmanda osapoole saidi p\u00f5him\u00f5tteid ja v\u00f5tta \u00fchendust selle omanikuga v\u00f5i kui teil on mingeid muresid v\u00f5i k\u00fcsimusi. Kui ei ole selges\u00f5naliselt \u00f6eldud, pole me nende kolmandate osapoolte saitide esindajad ega meie saidil asuvate kolmandate osapoolte reklaamijad ega ka volitatud nende nimel esindama.&#13;\n&#13;\n<strong>Isikliku teabe siirdamine v\u00e4ljapoole euroopa majanduspiirkonda<\/strong>&#13;\n&#13;\nV\u00f5imalik, et meie saidi kaudu pakutavate teenuste osana peame teie andmeid edastama v\u00e4ljaspool Euroopa Majanduspiirkonda (EMP).&#13;\n&#13;\nOleme kohustatud enne teie teabe edastamist EMP-v\u00e4lisest riigist veenduma, et see pakub teie andmekaitse\u00f5igustele piisavat kaitset. GlowMakeup.com edastab teie isikuandmeid ainult neile kolmandatele osapooltele, kus v\u00f5ime olla kindlad, et suudame teie privaatsust ja teie \u00f5igusi kaitsta, n\u00e4iteks see, et kolmas osapool asub riigis, mida EL on pidanud sobivaks andmekaitseseadusteks, kui see kolmas isik on sertifitseeritud EL-USA privaatsuskilbis v\u00f5i kui meil on selle kolmanda osapoolega s\u00f5lmitud leping, mis sisaldab Euroopa Komisjoni standardset andmekaitseklauslit.&#13;\n&#13;\n<strong>Kuidas teie infot hoiame?<\/strong>&#13;\n&#13;\nKui kogume teie isiklikku teavet, m\u00e4\u00e4ravad selle s\u00e4ilitamise aja kindlaks paljud tegurid, sealhulgas eesm\u00e4rk, milleks me seda teavet kasutame, ja meie muud seaduslikud kohustused. Me ei s\u00e4ilita teie isikuandmeid kauem, kui on vaja nende kogumise otstarbel v\u00f5i eesm\u00e4rkidel, v\u00e4lja arvatud juhul, kui meil on teabe s\u00e4ilitamiseks m\u00f5ni muu seaduslik p\u00f5hjus. Teeme k\u00f5ik m\u00f5istlikud sammud, et h\u00e4vitada v\u00f5i kustutada meie s\u00fcsteemist k\u00f5ik andmed, mida enam ei vaja. Hoiame teie isikuandmeid kogu teie konto aktiivsuse ajal ja 7 aastat p\u00e4rast meiega s\u00f5lmitud lepingu l\u00f5ppemist.&#13;\n&#13;\n\u00a0&#13;\n&#13;\n<strong>Meie privaatsuspoliitika muudatused<\/strong>&#13;\n&#13;\nK\u00f5ik muudatused, mida me selles privaatsuspoliitikas tulevikus v\u00f5ime teha, postitatakse sellel lehel. Kontrollige seda privaatsuseeskirjade v\u00e4rskenduste v\u00f5i muudatuste n\u00e4gemiseks uuesti.&#13;\n&#13;\n<strong>Mis on sinu \u00f5igused<\/strong>&#13;\n&#13;\nP\u00fc\u00fcame t\u00f6\u00f6delda kogu isiklikku teavet vastavalt teie \u00f5igustele, mis tulenevad GDPR-ist.&#13;\n<ul>&#13;\n \t<li>Saate loobuda oma isikuandmete t\u00f6\u00f6tlemisest. Saate seda teha igal ajal, kui muudate oma kontole sisselogimisel oma eelistusi v\u00f5i v\u00f5tke meiega \u00fchendust aadressil privacy@glowmakeup.com. Teatud asjaoludel saame t\u00f6\u00f6delda teie isikuandmeid ilma teie n\u00f5usolekuta vastavalt GDPR-i seaduslikele t\u00f6\u00f6tlemisn\u00f5uetele. Nende hulka kuulub (muu hulgas ka p\u00f5hjus), kus t\u00f6\u00f6tlemine on vajalik juriidilise kohustuse t\u00e4itmiseks v\u00f5i teie eluliste huvide kaitsmiseks<\/li>&#13;\n \t<li>Paluge meil parandada ebat\u00e4psed v\u00f5i puudulikud isiklikud andmed. P\u00fc\u00fcame andmeid parandada nii kiiresti kui v\u00f5imalik ja tavaliselt \u00fche kuu jooksul, kui taotlus pole keeruline<\/li>&#13;\n \t<li>Paluge meil kustutada teie isiklik teave. See \u00f5igus on kohaldatav ainult juhul, kui teie isikuandmete j\u00e4tkuvaks t\u00f6\u00f6tlemiseks pole m\u00f5juvat p\u00f5hjust. M\u00f5nel juhul seda kustutamis\u00f5igust ei kohaldata ja sellistel juhtudel teatame teile p\u00f5hjused, miks peame teie isikuandmeid s\u00e4ilitama (kui seadus seda ei keela)<\/li>&#13;\n \t<li>Piirake oma isikliku teabe t\u00f6\u00f6tlemist, kui andmed on n\u00e4iteks ebat\u00e4psed, neid t\u00f6\u00f6deldakse ebaseaduslikult v\u00f5i kui andmed ei ole enam t\u00f6\u00f6tlemise konkreetse eesm\u00e4rgi jaoks asjakohased. Sellistel juhtudel s\u00e4ilitaksime andmed, kuid me ei t\u00f6\u00f6tleks seda edasi ilma teie n\u00f5usolekuta v\u00f5i kui teie teabe t\u00f6\u00f6tlemine on ette n\u00e4htud \u00f5igusliku n\u00f5ude seadmiseks, teostamiseks v\u00f5i kaitsmiseks v\u00f5i teiste isikute \u00f5iguste kaitseks. Sel juhul anname teile teada, et kavatseme kaotada teie isikliku teabe t\u00f6\u00f6tlemise piirangu<\/li>&#13;\n \t<li>Taotlege juurdep\u00e4\u00e4su oma isiklikule teabele taotluse kaudu. Teie p\u00e4ring tuleks meile esitada kirjalikult ja enne andmete esitamist v\u00f5ime Teilt k\u00fcsida isikut t\u00f5endavat dokumenti. Sellise taotluse esitamine ei ole tavaliselt tasuline, kuid piiratud asjaoludel v\u00f5ime n\u00f5uda haldustasu (mis p\u00f5hineb teabe edastamise halduskulul)<\/li>&#13;\n \t<li>Teil on \u00f5igus paluda, et me ei t\u00f6\u00f6tleks teie isiklikku teavet turunduseesm\u00e4rkidel (sealhulgas profiilide koostamiseks). Tavaliselt teavitame teid (enne teie andmete kogumist), kas me kavatseme teie andmeid sellistel eesm\u00e4rkidel kasutada v\u00f5i kui me kavatseme teie andmeid sellistel eesm\u00e4rkidel avaldada kolmandale osapoolele. Sellise t\u00f6\u00f6tlemise takistamiseks v\u00f5ite kasutada teatud \u00f5igusi. Samuti saate seda \u00f5igust igal ajal kasutada, p\u00f6\u00f6rdudes meie poole e-posti aadressil\u00a0<a href=\"mailto:privacy@glowliving.eu\">privacy@glowmakeup.com<\/a><\/li>&#13;\n \t<li>Hankige ja kasutage oma isiklikku teavet oma eesm\u00e4rkidel erinevatel teenustel (\u00f5igus andmete teisaldatavusele). See \u00f5igus kehtib ainult nende andmete kohta, mille olete meile edastanud, kus t\u00f6\u00f6tleme andmeid teie n\u00f5usoleku alusel v\u00f5i lepingu t\u00e4itmiseks ning kui t\u00f6\u00f6tlemine toimub automatiseeritud vahenditega. Kui see \u00f5igus kehtib, edastatakse andmed teile struktureeritult.<\/li>&#13;\n<\/ul>&#13;\nPange t\u00e4hele, et enne isikliku teabe edastamist peame teie identiteeti kontrollima. Teeme seda teie teabe kaitsmiseks. Samuti v\u00f5ime paluda teil esitada meile vabatahtlikult lisateavet, mis aitab meil teie taotlust t\u00f5husamalt t\u00f6\u00f6delda.&#13;\n&#13;\n<strong>Kontakt<\/strong>&#13;\n&#13;\nKui soovite meiega \u00fchendust v\u00f5tta, et saata oma arvamusi meie privaatsustavade kohta v\u00f5i uurida teie isikuandmeid puudutavaid k\u00fcsimusi, saate seda teha, saates meile e-kirja aadressil\u00a0<a href=\"mailto:privacy@glowliving.eu\">privacy@glowmakeup.com<\/a>.&#13;\n&#13;\nKui teil on kaebusi seoses teie isikliku teabe k\u00e4itlemisega, siis tegeleme esmaj\u00e4rjekorras teie muredega.\t\t<\/div>\n\t\t\t\t\t<\/div>\n\n\t\n\n<\/div>\n\n","protected":false},"excerpt":{"rendered":"","protected":false},"author":1,"featured_media":0,"parent":0,"menu_order":0,"comment_status":"closed","ping_status":"closed","template":"","meta":{"footnotes":""},"class_list":["post-60714","page","type-page","status-publish","hentry"],"_links":{"self":[{"href":"https:\/\/glowmakeup.com\/et\/wp-json\/wp\/v2\/pages\/60714","targetHints":{"allow":["GET"]}}],"collection":[{"href":"https:\/\/glowmakeup.com\/et\/wp-json\/wp\/v2\/pages"}],"about":[{"href":"https:\/\/glowmakeup.com\/et\/wp-json\/wp\/v2\/types\/page"}],"author":[{"embeddable":true,"href":"https:\/\/glowmakeup.com\/et\/wp-json\/wp\/v2\/users\/1"}],"replies":[{"embeddable":true,"href":"https:\/\/glowmakeup.com\/et\/wp-json\/wp\/v2\/comments?post=60714"}],"version-history":[{"count":0,"href":"https:\/\/glowmakeup.com\/et\/wp-json\/wp\/v2\/pages\/60714\/revisions"}],"wp:attachment":[{"href":"https:\/\/glowmakeup.com\/et\/wp-json\/wp\/v2\/media?parent=60714"}],"curies":[{"name":"wp","href":"https:\/\/api.w.org\/{rel}","templated":true}]}}