{"id":60718,"date":"2020-06-01T19:04:54","date_gmt":"2020-06-01T18:04:54","guid":{"rendered":"https:\/\/glowmakeup.com\/reeglid-ja-tingimused\/"},"modified":"2023-02-27T13:19:01","modified_gmt":"2023-02-27T12:19:01","slug":"tingimused","status":"publish","type":"page","link":"https:\/\/glowmakeup.com\/et\/tingimused\/","title":{"rendered":"Tingimused"},"content":{"rendered":"\n\n\t<section class=\"section\" id=\"section_1277861581\">\n\t\t<div class=\"section-bg fill\" >\n\t\t\t\t\t\t\t\t\t\n\t\t\t\n\t<div class=\"is-border\"\n\t\tstyle=\"border-width:0px 0px 0px 0px;margin:0px 0px 0px 0px;\">\n\t<\/div>\n\n\t\t<\/div>\n\n\t\t\n\n\t\t<div class=\"section-content relative\">\n\t\t\t\n\n<div class=\"row\"  id=\"row-990461812\">\n\n\n\t<div id=\"col-2104335461\" class=\"col small-12 large-12\"  >\n\t\t\t\t<div class=\"col-inner text-left\"  >\n\t\t\t\n\t\t\t<h2>TINGIMUSED<\/h2>\r\nSeda saiti omab ja haldab Mandala Life Group Ltd (\u201cFirma \/ meie\u201d). Tingimused h\u00f5lmavad selle saidi kasutamise \u00fcldtingimusi, teenustega seotud tingimusi ja toodete m\u00fc\u00fcgi ja ostmise tingimusi saidil. Palun lugege need tingimused hoolikalt l\u00e4bi. Teie saidi ja teenuste kasutamisel ning sellel saidil olevate toodete ostmisel kehtivad need tingimused.\r\n\r\nSellel saidil v\u00f5i selle kaudu k\u00e4ttesaadav teave ning selle saidi kaudu v\u00f5i sellega seotud teenused on m\u00f5eldud ainult informatsiooniks. Tooted on ette n\u00e4htud ainult ilu otstarbel ja nd pole \u00fckski meditsiiniline v\u00f5i farmaatsia litsentseeriv asutus heaks kiitnud. Teie kohustus on kindlaks teha, kas tooted sobivad teile.\r\n\r\nKui meie saidil lingina toodud kolmandad interneti lehek\u00fcljed sisaldavad vaateid, arvamusi, n\u00f5uandeid ja soovitusi, mis ei kattu t\u00e4iel m\u00e4\u00e4ral meie vaadetega, arvamustega, n\u00f5uannetega ja soovitustega, ei v\u00f5ta meie vastutust enda peale.\r\n\r\nP\u00fc\u00fcame veenduda, et kogu saidil sisalduv teave (ja mille oleme teile osutanud mis tahes teenuste v\u00f5i toodete osana) on \u00f5ige, kuid see teave on \u00fcldist laadi ega ole m\u00f5eldud sisaldama kogu teavet, mis on seotud saidil viidatud teemadega ja seet\u00f5ttu ei v\u00f5ta me vastutust mis tahes vigade v\u00f5i tegemata j\u00e4tmiste eest ja v\u00e4listame igasuguse vastutuse mis tahes teie v\u00f5etavate toimingute v\u00f5i tekitatud kahju v\u00f5i vigastuste eest (otsene v\u00f5i kaudne, sealhulgas t\u00f6\u00f6tasu, kasumi, v\u00f5imaluse v\u00f5i mis tahes sellel saidil olevale teabele tuginemisest tulenev aeg, valu ja kannatused, kaudsed v\u00f5i erilised kaotused, olenemata sellest, mis tekivad).\r\n\r\nMeie vastutus teie ees seoses saidi kaudu ostetud toodetega on rangelt piiratud selle toote ostuhinnaga.\r\n\r\nKuup\u00e4ev: 01 M\u00e4rts 2022\r\n\r\nK\u00f5igile nendes tingimustes esitatud s\u00e4tetele, mis p\u00fc\u00fcavad meie vastutust piirata v\u00f5i v\u00e4listada, kehtivad seadusest tulenevad \u00f5igused.\r\n<h3>1. Selle saidi \u00fcldine kasutamine<\/h3>\r\n1.1. V\u00f5ite seda saiti kasutada isiklikuks otstarbeks ning vastavalt nendele tingimustele teil ei ole lubatud selle saidi materjale kopeerida ega kasutada mis tahes \u00e4rilistel eesm\u00e4rkidel, sealhulgas mis tahes kaupade v\u00f5i teenuste m\u00fc\u00fcmiseks.\r\n\r\n1.2. Intellektuaalomandi \u00f5igused k\u00f5ikidele Saidi materjalidele, mida tarnitakse toodete v\u00f5i teenuste (\u201cMaterjalid\u201d) osana, kuuluvad Firmale v\u00f5i selle poolt volitatud kolmandatele isikutele. V\u00e4lja arvatud nendes tingimustes s\u00f5naselgelt ette n\u00e4htud ulatuses, ei tohi teil ilma meie kirjaliku volituseta teha mis tahes materjalide koopiaid mis tahes materjalide osadest v\u00f5i eemaldada ega muuta saidil midagi, lisada ega luua linke saidile v\u00f5i saidilt v\u00f5i eemaldada v\u00f5i muuta mis tahes materjalides v\u00f5i nende koopiates v\u00f5i materjalides sisalduvaid autori\u00f5iguse, kaubam\u00e4rgi v\u00f5i muude intellektuaalomandi \u00f5iguste teatisi.\r\n\r\n1.3. Kui esitate meile saidi, n\u00f5ustute andma meile eksklusiivse, t\u00fchistamatu ja t\u00e4htajatu litsentsi selle kasutamiseks kogu maailma saidil (ja teha see teistele kasutajatele k\u00e4ttesaadavaks) ning meie turundusmaterjalides ja muudel \u00e4rilistel eesm\u00e4rkidel ning oma esildiste muutmiseks juhuks, kui Firma peab seda mingil p\u00f5hjusel vajalikuks v\u00f5i soovitavaks.\r\n\r\n1.4. Te tunnistate, et saidi esitamine ei taga, et selline esitus v\u00f5i selle osa ilmub veebisaidile, kuid n\u00f5ustute, et Firma v\u00f5ib oma \u00e4ran\u00e4gemise j\u00e4rgi valida, kas kuvatakse mis tahes saidis, mida teete veebis.\r\n\r\n1.5. Te tagate ja kinnitate, et omate litsentsi intellektuaalomandi \u00f5iguste kasutamiseks veebisaidile tehtud mis tahes saidis.\r\n\r\n1.6. Te tunnistate, et p\u00e4rast esitamist ei saa te \u00fchtegi saiti redigeerida ega kustutada.\r\n\r\n1.7. Kasutajaid, kes leiavad, et teiste kasutajate esitatud saidid on taunitavad, julgustatakse meiega \u00fchendust v\u00f5tma. Vaatame asjakohase saidi \u00fcle nii kiiresti kui v\u00f5imalik ja v\u00f5tame vajaduse korral kasutusele vajalikud meetmed.\r\n\r\n1.8. Te ei tohi seda saiti kasutada roppude v\u00f5i pornograafiliste, \u00e4hvardavate, rassistlike, solvavate, laimavate, intellektuaalomandi \u00f5igusi rikkuvate v\u00f5i muul viisil ebaseaduslike materjalide postitamiseks, \u00fcleslaadimiseks ega muul viisil edastamiseks, teiste \u00f5igused oma identiteeti v\u00f5i staatust valesti esitada, tungida sellele saidile v\u00f5i muule seotud arvutis\u00fcsteemile, esitada \u00fclem\u00e4\u00e4raseid n\u00f5udeid, edastada viirusi v\u00f5i ahelkirju v\u00f5i muid sarnaseid materjale, mis v\u00f5ivad eeldada, et teised kasutajad takistavad neid kasutamast ja saidi v\u00f5i Firma v\u00f5i mis tahes kolmanda isiku maine kahjustamine v\u00f5i h\u00e4vitamine.\r\n\r\n1.9. Firma ei v\u00f5ta endale kohustust j\u00e4lgida saidi kasutamist ja j\u00e4tab siiski endale \u00f5iguse avaldada seadustega n\u00f5utavat teavet ja \/ v\u00f5i mis tahes teavet v\u00f5i materjale eemaldada, keelduda nende postitamisest v\u00f5i muutmist; blokeerida teie juurdep\u00e4\u00e4s ja v\u00f5tta muid vajalikke meetmeid kasutusele, mis on vajalikud nende tingimuste v\u00f5i kohaldatavate seaduste v\u00f5i m\u00e4\u00e4ruste rikkumise v\u00e4ltimiseks. Ka Firma teeb oma \u00e4ran\u00e4gemisel t\u00e4ielikku koost\u00f6\u00f6d seadustega.\r\n\r\n1.10.Firma v\u00f5ib aeg-ajalt muuta saidi vormingut ja sisu. Te peaksite v\u00e4rskendama brauserit ja eemaldama k\u00fcpsiseid iga kord, kui k\u00fclastate seda saiti, et veenduda, et laadite alla saidi k\u00f5ige ajakohasema versiooni.\r\n<h3>2. Personaalne info<\/h3>\r\n2.1. Kliendi personaalse info kasutamist reguleerib Firma privaatsuspoliitika, mis on osa nendest tingimustest. Juhul, kui Firma reorganiseeritakse v\u00f5i m\u00fc\u00fcakse kolmandale isikule, n\u00f5ustute, et kogu Firma valduses olev isiklik teave teie kohta v\u00f5idakse edastada sellele saneeritud \u00fcksusele v\u00f5i kolmandale osapoolele ja seda v\u00f5ib kasutada vastavalt privaatsusepoliitikale ka edaspidi.\r\n<h3>3. Vastutus<\/h3>\r\n3.1. Siin lehel viidatakse vastutusele valdatud tingimuste osas. Selle lehe kasutamisega n\u00f5ustute, et kasutate seda kodulehte ja teenust p\u00f5him\u00f5ttel \u201enagu on\u201d ja \u201enii nagu saadaval\u201d. V\u00e4lja arvatud juhul, kui nendes tingimustes on s\u00f5naselgelt s\u00e4testatud teisiti v\u00f5i vastavalt teie seaduslikele \u00f5igustele.\r\n\r\n3.2. Koduleht sisaldab linke v\u00e4listele lehtedele. Firma on lisanud linke nendele lehtedele, et pakkuda Kliendile juurdep\u00e4\u00e4su teabele ja teenustele, mis v\u00f5ivad osutuda kasulikuks v\u00f5i huvitavaks. Firma ei pruugi t\u00e4ies ulatuses toetada v\u00e4liste kodulehtede sisu ega vastuta nende lehtede sisu ega nende pakutavate toodete eest.\r\n\r\n3.3. Arvestades olulist vastutust, ei vastuta Firma k\u00e4esolevate tingimuste mittej\u00e4rgimise eest mingil p\u00f5hjusel, mis on v\u00e4ljaspool Firma m\u00f5istlikku kontrolli, sealhulgas (kuid mitte ainult) teie poolt eba\u00f5ige teabe sisestamise eest.\r\n\r\n3.4. Koduleht v\u00f5i koos tootega saadetud dokumendid v\u00f5i toote pakend v\u00f5i etikett v\u00f5ivad sisaldada kasutusjuhendit, hoiatusi, vastun\u00e4idustusi ja muud lisatevet. Peate neid teateid hoolikalt lugema ja neid j\u00e4rgima ning tagama, et teised, kes tooteid kasutavad, teeksid seda. Arvestades eelnimetatu, ei vastuta Firma juriidiliselt, kui m\u00f5nda neist juhistest ei j\u00e4rgita.\r\n<h3>4. Parool<\/h3>\r\n4.1. Selle saidi kaudu pakutavate teenustega v\u00f5idakse teile v\u00e4ljastada individuaalne parool, mida saab kasutada saidi teatud piirkondadele p\u00e4\u00e4semiseks ja kiireks v\u00e4lja registreerimiseks. Parooli v\u00f5ite kasutada ainult selleks ja mitte mingil muul eesm\u00e4rgil. Peate hoidma oma parooli kogu aeg konfidentsiaalsena ega tohi salas\u00f5na avaldada ega lubada kellelgi teisel teie parooli kasutada. K\u00f5igi nende tingimuste rikkumisi, mille on teinud keegi, kellele te parooli avaldate, k\u00e4sitletakse nii, nagu oleksite rikkumise toime pannud teie, ja see ei vabasta teid nendest tingimustest tulenevatest kohustustest.\r\n\r\n4.2. Kui parooli kasutamisel ilmneb t\u00f5rkeid, peate loobuma parooli kasutamisest, v\u00e4ljuma viivitamatult saidilt ja teatama sellisest t\u00f5rkest v\u00f5i veast Firmat.\r\n\r\n4.3 Firma j\u00e4tab endale \u00f5iguse muuta teie parooli ja kasutajanime igal ajal oma \u00e4ran\u00e4gemise j\u00e4rgi ning te n\u00f5ustute teatama Firma viivitamatult k\u00f5igist teie registreerimisandmete muudatustest.\r\n<h3>5. Teenuse peatamine ja l\u00f5petamine<\/h3>\r\n5.1. Firma v\u00f5ib saidi toimimise peatada remondi- v\u00f5i hooldust\u00f6\u00f6de tegemiseks v\u00f5i saidi sisu v\u00f5i funktsioonide ajakohastamiseks v\u00f5i t\u00e4iendamiseks.\r\n\r\n5.2. Firma v\u00f5ib teenuse osutamise teile l\u00f5petada, kui rikute m\u00f5nda neist tingimustest v\u00f5i kui teie makse hilineb v\u00f5i te ei maksa Firmale vatavaid summasid.\r\n<h3>6. Sobivus toodete \/ teenuste\u00a0 ostmiseks<\/h3>\r\n6.1. Firma ei m\u00fc\u00fc sellel saidil tooteid alla 16-aastastele lastele. Kui olete noorem kui 16 aastat, v\u00f5ite kasutada saidi mittetehingulisi osi, kuid te ei tohi sellelt saidilt tooteid osta. Tooteid tellides kinnitate, et olete v\u00e4hemalt 16-aastane.\r\n\r\n6.2. Toodete ostmiseks peate esitama kehtiva Visa, Visa Electroni, MasterCardi, American Expressi, Delta v\u00f5i Switchi krediit- v\u00f5i deebetkaardi v\u00f5i kehtiva PayPali maksete sisselogimise. Garanteerite, et maksekaart v\u00f5i PayPali sisselogimine on teie oma. K\u00f5igi krediit- \/ deebetkaardi omanike ja PayPali kasutajate suhtes kehtivad valideerimiskontrollid ja kaardi v\u00e4ljaandja v\u00f5i makseteenuse pakkuja volitused. Firma ei vastuta eba\u00f5nnestunud tehingute eest juhul, kui teie maksekaardi pakkuja keeldub maksete autoriseerimisest.\r\n<h3>7. Lepingu s\u00f5lmimine<\/h3>\r\n7.1. P\u00e4rast tellimuse esitamist saate meilt meilis\u00f5numi, milles kinnitame, et oleme teie tellimuse k\u00e4tte saanud. Pange t\u00e4hele, et see ei t\u00e4henda, et teie tellimus on vastu v\u00f5etud. Teie tellimus kujutab endast teie pakkumist Firmale osta toodet saidi kaudu (ja Firma j\u00e4tab endale \u00f5iguse keelduda toodete tellimustest). Ei eksisteeri \u00fchtegi lepingut enne, kui oleme teile e-posti teel kinnitanud, et toode on saadetud (kinnitus l\u00e4hetuse kohta). Meievaheline leping moodustatakse siis, kui saadame teile l\u00e4hetuskinnitusega e-kirja.\r\n<h3>8. Toodete hinnad, saadavus ja saatmisinfo<\/h3>\r\n8.1. Firma v\u00f5ib muuta saidil kuvatavat teavet hinna ja saadavuse kohta. Makse toodete eest toimub saidi kaudu vastavalt saidil selgitatud korrale.\r\n\r\n8.2. Ehkki meie eesm\u00e4rk on olla t\u00e4pne, on kogu teave toote saadavuse kohta v\u00f5i v\u00e4ljasaatmise kohta Saidil ligikaudne. Kui t\u00f6\u00f6tleme teie tellimusi, teavitame teid e-posti, telefoni v\u00f5i SMS-iga, kui m\u00f5ni teie tellitud toode osutub k\u00e4ttesaamatuks. Tarnimiseks kulub kuni 10 t\u00f6\u00f6p\u00e4eva.\r\n\r\n8.3 Vaatamata meie parimatele j\u00f5upingutustele on v\u00f5imalik, et m\u00f5ni toode v\u00f5ib saidil eba\u00f5iget hinda n\u00e4idata. Hinnad kinnitame siiski oma v\u00e4ljasaatmisprotseduuride osana. Kui toote tegelik hind on madalam kui veebilehel m\u00e4rgitud, v\u00f5tame v\u00e4iksema summa ja saadame Teile toote. Kui tegelik hind on siiski k\u00f5rgem kui saidil kirjas, v\u00f5tame me enne saatmist teiega \u00fchendust v\u00f5i t\u00fchistame teie tellimuse ja teatame teile t\u00fchistamisest.\r\n<h3>9. Tellimuste t\u00fchistamine v\u00e4lja saadetud f\u00fc\u00fcsiliste toodete puhul<\/h3>\r\n9.1. Kui olete tarbija, on teil 2013. aasta tarbijalepingut (teave, t\u00fchistamine ja lisatasud) k\u00e4sitlevate m\u00e4\u00e4ruste kohaselt seaduslik \u00f5igus allpool toodud perioodil leping \u00fcles \u00f6elda. See t\u00e4hendab, et kui muudate meelt v\u00f5i otsustate m\u00f5nel muul p\u00f5hjusel, et te ei soovi toodet vastu v\u00f5tta, v\u00f5ite teatada meile oma otsusest leping \u00fcles \u00f6elda ja tagasimakse saada.\r\n\r\n9.2 .Teil ei ole \u00f5igust m\u00f5ne toote tarnelepingut \u00fcles \u00f6elda j\u00e4rgmistel asjaoludel:\r\na) kui toodet (tooteid) nende olemuse (ja nende eest hoolitsemise viisi) t\u00f5ttu ei saa tagastada (n\u00e4iteks pakendita kosmeetikatooted, mis on t\u00f6\u00f6deldud sellisel viisil, et seda ei saa tervise ja ohutuse v\u00f5i h\u00fcgieeni t\u00f5ttu enam teistele klientidele turustada); ja \/ v\u00f5i\r\n(b) kus toodet (tooteid) on kohandatud vastavalt teie valitud spetsifikatsioonidele.\r\n\r\n9.3. Kaupade tagastamisel on tungivalt soovitatav asjad hoolikalt pakkida ja hankida t\u00f5end postitamise kohta. Me ei vastuta kaotatud pakkide eest.\r\n\r\n9.4. Kui lepingust loobute, tegutseme j\u00e4rgmiselt:\r\na) tagastame teile toodete eest makstud hinna. Pange siiski t\u00e4hele:\r\n(i) meil on seadusega lubatud teie tagasimakseid v\u00e4hendada, kui olete tootele tekitanud kahju.\r\n(b) tagastame k\u00f5ik teie tasutud kohaletoimetamiskulud, kuigi vastavalt seadusele lubab maksimaalne h\u00fcvitis meie pakutud k\u00f5ige odavama k\u00e4ttetoimetamisviisiga kohaletoimetamise kulud (eeldusel, et see on tavaline ja \u00fcldiselt vastuv\u00f5etav meetod). N\u00e4iteks kui pakume toote tarnimist 3-5 p\u00e4eva jooksul \u00fche hinnaga, kuid otsustate, et toode tarnitakse k\u00f5rgema hinnaga 24 tunni jooksul, siis tagastame teile ainult selle, mida oleksite odavama kohaletoimetamise v\u00f5imaluse eest maksnud.\r\nc) teeme teile tagasimaksed nii kiiresti kui v\u00f5imalik ja igal juhul allpool nimetatud t\u00e4htaja jooksul:\r\n&#8211; kui olete toote meile saatnud 14 p\u00e4eva jooksul, aga meie poolt pole tulnud kinnitust, v\u00f5ite saata meile t\u00f5endi et olete toote saatnud.\r\n&#8211; Pange t\u00e4hele, et teie tagastamise k\u00e4ttesaamiseks v\u00f5ib kuluda kuni 10 p\u00e4eva, s\u00f5ltuvalt sellest, millist postiteenust kasutate. Tagasimakseid t\u00f6\u00f6deldakse tavaliselt laekumise p\u00e4eval, ehkki summa kuvamine teie kontol v\u00f5ib v\u00f5tta veel n\u00e4dala.\r\n(d) Toodetega seotud tagasimakseid v\u00f5ib krediteerida ainult krediidi- v\u00f5i deebetkaardile v\u00f5i PayPali kontole, mida algselt kasutati ostu tegemiseks. Kui me ei saa mingil p\u00f5hjusel sellele kaardile v\u00f5i kontole tagasimakset teha, proovime teiega \u00fchendust v\u00f5tta, et arutada alternatiivseid kokkuleppeid. Kui kasutasite toote eest vaut\u0161ereid, v\u00f5ime teile vaut\u0161eritega tagasi maksta.\r\n\r\n9.5. Kui toode on teile tarnitud enne, kui otsustate oma lepingu \u00fcles \u00f6elda:\r\na) siis peate meile sellest viivitamatult teatama ja igal juhul teavitama, et soovite lepingust loobuda, ja toote tagastada, mitte hiljem kui 14 p\u00e4eva jooksul. Kui te ei tagasta tooteid 14 p\u00e4eva jooksul p\u00e4rast t\u00fchistamist, olete tooted vastu v\u00f5tnud ja s\u00f5lmitakse uus ostuleping ja teilt v\u00f5etakse tellimuse eest tasu saidil toodud hinnaga;\r\n(b) v\u00e4lja arvatud juhul, kui toode on vigane v\u00f5i pole kirjeldusele vastav, vastutate toodete tagastamise kulude eest.\r\n(c) Kui olete tooted meile tagasi saatnud, kuna need on vigased v\u00f5i ei vasta kirjeldusele, tagastame toodete hinna t\u00e4ies mahus koos k\u00f5igi tarnekuludega.\r\n\r\n9.6. Kuna olete tarbija, on meil seadusest tulenev kohustus tarnida teile sellele lepingule vastavaid tooteid. Tarbijana on teil seadusest tulenevad \u00f5igused seoses toodetega, mis on vigased v\u00f5i ei vasta kirjeldusele.\r\n<h3>10. Tellimuste t\u00fchistamine digitaalsete v\u00f5i online toodete puhul<\/h3>\r\n10.1. Digi- ja online toodete eest makstud summad tagastatakse, kui:\r\n\r\n(a) Firma aktsepteerib Kliendi selgitust t\u00fchistamise p\u00f5hjuse kohta. Sel juhul tagastatakse Kliendile osa maksest, millest on maha arvatud: t\u00f6\u00f6tlemistasu, juurdep\u00e4\u00e4sutasu ning enne Lepingu l\u00f5ppemise kuup\u00e4eva osutatud ja tegelikult osutatud Teenuste summa, maksetega kaasnevad teenustasud ja muud Firma tegelikud kulud. Tagasimakse menetlemise aeg on sel juhul kuni 90 p\u00e4eva.\r\n\r\n(b) Teenuse ebakvaliteetse osutamise korral, peab Klient esitama enda poolt pretensiooni, mille Firmal on \u00f5igus mitte aktsepteerida ilma piisavate t\u00f5endite esitamist Kliendi poolt. Aktsepteeritud pretensioonide\u00a0 puhul tagastab Firma makse t\u00e4ies ultuses.\u00a0 Tagasimakse menetlemise aeg on sel juhul kuni 14 p\u00e4eva.\r\n\r\n10.2. Digi- ja online toodete eest tasutud summad ei kuulu tagastamisele juhul, kui Klient:\r\n\r\n(a) t\u00fchistamise ajaks on saanud t\u00e4ieliku juurdep\u00e4\u00e4su teenustele ja koolitusmaterjalidele.\r\n<h3>11. Garantiid<\/h3>\r\n11.1. Firma tagab, et teenuseid pakutakse suure vastutuse ja hoolikusega.\r\n<h3>12. Seaduslikud \u00f5igused ja tagasimaksed<\/h3>\r\n12.1. Muudame neid tingimusi aeg-ajalt. Vaadake selle lehe \u00fclaosas, et n\u00e4ha, millal on neid n\u00f5udeid ja tingimusi viimati v\u00e4rskendatud. Iga kord, kui tellite meilt tooteid, kehtivad teie ja meie vahelisele lepingule vastavad tingimused. Kui peame neid tingimusi \u00fcle vaatama ja see m\u00f5jutab teie tellimust olulisel m\u00e4\u00e4ral, v\u00f5tame teiega \u00fchendust, et teavitada teid muudatustest ja anda teile teada, kuidas leping \u00fcles \u00f6elda, kui te pole muudatustega rahul.\r\n\r\nVeebilehte sirvides n\u00f5ustute, et olete seotud kehtivate tingimustega, mis on seotud teie saidi kasutamisega. Peaksite neid kontrollima iga kord, kui saiti uuesti k\u00fclastate.\r\n\r\n12.2. Need tingimused moodustavad osapoolte t\u00e4ieliku m\u00f5istmise ja asendavad k\u00f5iki varasemaid teemaga seotud kokkuleppeid ja m\u00e4rkusi.\r\n\r\n12.3. Kui leitakse, et m\u00f5ni nende tingimuste s\u00e4te on j\u00f5ustamatu, ei m\u00f5juta see \u00fchegi teise s\u00e4tte kehtivust.\r\n\r\n12.4. Firma v\u00f5ib viivitada oma \u00f5iguste ja kohutuste rakendamisel nendel tingimustel.\r\n\r\n12.5. Te n\u00f5ustute, et Firma v\u00f5ib oma kohustuste t\u00e4itmiseks allhankelepingu s\u00f5lmida v\u00f5i v\u00f5ib neid tingimusi v\u00f5i oma \u00f5igusi v\u00f5i kohustusi loovutada teile sellest ette teatamata.\r\n\r\n12.6. Neid tingimusi reguleeritakse ja t\u00f5lgendatakse vastavalt Inglismaa seadusandlusega.\r\n\r\n12.7. Kui teil on k\u00fcsimusi v\u00f5i kaebusi (teenuse v\u00f5i selle saidi toodete v\u00f5i kasutamise kohta), saatke neile palun kiri klienditeeninduse e-posti aadressile: <a href=\"mailto:info@glowmakeup.com\">info@glowmakeup.com<\/a>\t\t<\/div>\n\t\t\t\t\n<style>\n#col-2104335461 > .col-inner {\n  padding: 0px 10px 0px 10px;\n}\n<\/style>\n\t<\/div>\n\n\t\n\n<\/div>\n\n\t\t<\/div>\n\n\t\t\n<style>\n#section_1277861581 {\n  padding-top: 30px;\n  padding-bottom: 30px;\n}\n<\/style>\n\t<\/section>\n\t\n\n","protected":false},"excerpt":{"rendered":"","protected":false},"author":3,"featured_media":0,"parent":0,"menu_order":0,"comment_status":"closed","ping_status":"closed","template":"page-blank.php","meta":{"footnotes":""},"class_list":["post-60718","page","type-page","status-publish","hentry"],"_links":{"self":[{"href":"https:\/\/glowmakeup.com\/et\/wp-json\/wp\/v2\/pages\/60718","targetHints":{"allow":["GET"]}}],"collection":[{"href":"https:\/\/glowmakeup.com\/et\/wp-json\/wp\/v2\/pages"}],"about":[{"href":"https:\/\/glowmakeup.com\/et\/wp-json\/wp\/v2\/types\/page"}],"author":[{"embeddable":true,"href":"https:\/\/glowmakeup.com\/et\/wp-json\/wp\/v2\/users\/3"}],"replies":[{"embeddable":true,"href":"https:\/\/glowmakeup.com\/et\/wp-json\/wp\/v2\/comments?post=60718"}],"version-history":[{"count":4,"href":"https:\/\/glowmakeup.com\/et\/wp-json\/wp\/v2\/pages\/60718\/revisions"}],"predecessor-version":[{"id":77065,"href":"https:\/\/glowmakeup.com\/et\/wp-json\/wp\/v2\/pages\/60718\/revisions\/77065"}],"wp:attachment":[{"href":"https:\/\/glowmakeup.com\/et\/wp-json\/wp\/v2\/media?parent=60718"}],"curies":[{"name":"wp","href":"https:\/\/api.w.org\/{rel}","templated":true}]}}