{"id":87421,"date":"2022-12-12T15:10:16","date_gmt":"2022-12-12T14:10:16","guid":{"rendered":"https:\/\/glowmakeup.com\/beauty-coaching\/inner-beauty\/"},"modified":"2025-10-20T23:38:55","modified_gmt":"2025-10-20T22:38:55","slug":"inner-beauty","status":"publish","type":"page","link":"https:\/\/glowmakeup.com\/et\/beauty-coaching\/inner-beauty\/","title":{"rendered":"Inner Beauty"},"content":{"rendered":"\n<div class=\"row row-collapse row-full-width align-middle align-center\"  id=\"row-76473089\">\n\n\n\t<div id=\"col-2079655821\" class=\"col small-12 large-12\"  >\n\t\t\t\t<div class=\"col-inner text-center dark\" style=\"background-color:rgb(110, 145, 185);\" >\n\t\t\t\n\t\t\t\n\n<h4 class=\"lead\"><strong>&#8216;sisemise ilu&#8217; n\u00f5ustamissessioonid<\/strong><\/h4>\n\n\t\t<\/div>\n\t\t\t\t\n<style>\n#col-2079655821 > .col-inner {\n  padding: 0px 0px 0px 0px;\n}\n<\/style>\n\t<\/div>\n\n\t\n\n\n<style>\n#row-76473089 > .col > .col-inner {\n  padding: 20px 0px 10px 0px;\n}\n@media (min-width:550px) {\n  #row-76473089 > .col > .col-inner {\n    padding: 20px 0px 10px 0px;\n  }\n}\n@media (min-width:850px) {\n  #row-76473089 > .col > .col-inner {\n    padding: 20px 0px 10px 0px;\n  }\n}\n<\/style>\n<\/div>\n<div class=\"row row-collapse row-full-width align-middle align-center\"  id=\"row-240869245\">\n\n\n\t<div id=\"col-1529939471\" class=\"col medium-12 small-12 large-8\"  >\n\t\t\t\t<div class=\"col-inner\"  >\n\t\t\t\n\t\t\t\n\n\n  <div class=\"banner has-hover\" id=\"banner-1532853331\">\n          <div class=\"banner-inner fill\">\n        <div class=\"banner-bg fill\" >\n            <img loading=\"lazy\" decoding=\"async\" width=\"561\" height=\"700\" src=\"https:\/\/glowmakeup.com\/wp-content\/uploads\/2020\/10\/19beauty-makeup-by-LanaVallo_photo-Martin-Dremljuga.jpg\" class=\"bg attachment-original size-original\" alt=\"\" \/>                                    \n                    <\/div>\n\t\t\n        <div class=\"banner-layers container\">\n            <div class=\"fill banner-link\"><\/div>            \n\n\n        <\/div>\n      <\/div>\n\n            \n<style>\n#banner-1532853331 {\n  padding-top: 300px;\n  background-color: rgb(74, 108, 147);\n}\n#banner-1532853331 .banner-bg img {\n  object-position: 49% 32%;\n}\n@media (min-width:550px) {\n  #banner-1532853331 {\n    padding-top: 500px;\n  }\n}\n@media (min-width:850px) {\n  #banner-1532853331 {\n    padding-top: 700px;\n  }\n}\n<\/style>\n  <\/div>\n\n\n\n\t\t<\/div>\n\t\t\t\t\t<\/div>\n\n\t\n\n\t<div id=\"col-1768897924\" class=\"col medium-10 small-11 large-4\"  >\n\t\t\t\t<div class=\"col-inner\" style=\"background-color:rgb(255, 255, 255);\" >\n\t\t\t\n\t\t\t\n\n<h3 class=\"uppercase\"><span style=\"font-size: 100%;\"><span style=\"font-size: 100%;\">INDIVIDUAALNE ILUN\u00d5USTAMINE<\/span>\r\n<\/span><\/h3><br>on viis aidata naistel omaks v\u00f5tta oma loomulik ilu, kujundada harjumusi, mis pikendavad naha nooruslikku v\u00e4limust, \u00f5petada neid oma v\u00e4limust t\u00e4iustama lihtsate, kuid t\u00f5husate tehnikate abil ning loomulikult anda vastuseid k\u00f5igile nende k\u00f5ige p\u00f5letavamatele iluga seotud k\u00fcsimustele.\n\n\t\t<\/div>\n\t\t\t\t\n<style>\n#col-1768897924 > .col-inner {\n  padding: 50px 0px 50px 0px;\n}\n@media (min-width:850px) {\n  #col-1768897924 > .col-inner {\n    padding: 0px 20% 0px 20%;\n  }\n}\n<\/style>\n\t<\/div>\n\n\t\n\n<\/div>\n<div class=\"row row-collapse row-full-width align-middle align-center\"  id=\"row-1733408947\">\n\n\n\t<div id=\"col-714283756\" class=\"col medium-12 small-12 large-4\"  >\n\t\t\t\t<div class=\"col-inner\"  >\n\t\t\t\n\t\t\t\n\n\n  <div class=\"banner has-hover\" id=\"banner-633907426\">\n          <div class=\"banner-inner fill\">\n        <div class=\"banner-bg fill\" >\n            <img loading=\"lazy\" decoding=\"async\" width=\"563\" height=\"700\" src=\"https:\/\/glowmakeup.com\/wp-content\/uploads\/2020\/10\/18beauty-makeup-by-LanaVallo_photo-Martin-Dremljuga.jpg\" class=\"bg attachment-original size-original\" alt=\"\" \/>                                    \n                    <\/div>\n\t\t\n        <div class=\"banner-layers container\">\n            <div class=\"fill banner-link\"><\/div>            \n\n\n        <\/div>\n      <\/div>\n\n            \n<style>\n#banner-633907426 {\n  padding-top: 300px;\n  background-color: rgb(26, 46, 68);\n}\n#banner-633907426 .banner-bg img {\n  object-position: 50% 19%;\n}\n@media (min-width:550px) {\n  #banner-633907426 {\n    padding-top: 500px;\n  }\n}\n<\/style>\n  <\/div>\n\n\n\n\t\t<\/div>\n\t\t\t\t\t<\/div>\n\n\t\n\n\t<div id=\"col-157039682\" class=\"col medium-10 small-11 large-4\"  >\n\t\t\t\t<div class=\"col-inner\"  >\n\t\t\t\n\t\t\t\n\n\t<div id=\"gap-1867404271\" class=\"gap-element clearfix\" style=\"display:block; height:auto;\">\n\t\t\n<style>\n#gap-1867404271 {\n  padding-top: 20px;\n}\n@media (min-width:550px) {\n  #gap-1867404271 {\n    padding-top: 30px;\n  }\n}\n@media (min-width:850px) {\n  #gap-1867404271 {\n    padding-top: 50px;\n  }\n}\n<\/style>\n\t<\/div>\n\t<br><h2>&#8216;Sinu v\u00e4line ilu k\u00f6idab pilke, aga sinu sisemine ilu vallutab s\u00fcdame.&#8217;<\/h2><br>-Steven Aitchison\n\n\t\t<\/div>\n\t\t\t\t\n<style>\n#col-157039682 > .col-inner {\n  padding: 40px 0px 40px 0px;\n}\n@media (min-width:850px) {\n  #col-157039682 > .col-inner {\n    padding: 0px 10% 0px 10%;\n  }\n}\n<\/style>\n\t<\/div>\n\n\t\n\n\t<div id=\"col-2111983289\" class=\"col medium-12 small-12 large-4\"  >\n\t\t\t\t<div class=\"col-inner\"  >\n\t\t\t\n\t\t\t\n\n\n  <div class=\"banner has-hover\" id=\"banner-492006858\">\n          <div class=\"banner-inner fill\">\n        <div class=\"banner-bg fill\" >\n            <img loading=\"lazy\" decoding=\"async\" width=\"825\" height=\"700\" src=\"https:\/\/glowmakeup.com\/wp-content\/uploads\/2020\/10\/20beauty-makeup-by-LanaVallo_photo-Martin-Dremljuga.jpg\" class=\"bg attachment-original size-original\" alt=\"\" \/>                                    \n                    <\/div>\n\t\t\n        <div class=\"banner-layers container\">\n            <div class=\"fill banner-link\"><\/div>            \n\n\n        <\/div>\n      <\/div>\n\n            \n<style>\n#banner-492006858 {\n  padding-top: 300px;\n  background-color: rgb(74, 108, 147);\n}\n#banner-492006858 .banner-bg img {\n  object-position: 51% 48%;\n}\n@media (min-width:550px) {\n  #banner-492006858 {\n    padding-top: 500px;\n  }\n}\n<\/style>\n  <\/div>\n\n\n\n\t\t<\/div>\n\t\t\t\t\t<\/div>\n\n\t\n\n<\/div>\n<div class=\"row row-collapse row-full-width align-middle align-center\"  id=\"row-413343909\">\n\n\n\t<div id=\"col-230905293\" class=\"col medium-10 small-12 large-4\"  >\n\t\t\t\t<div class=\"col-inner\"  >\n\t\t\t\n\t\t\t\n\n<div class=\"row align-middle align-center\"  id=\"row-1673553378\">\n\n\n\t<div id=\"col-745805019\" class=\"col medium-12 small-11 large-12\"  >\n\t\t\t\t<div class=\"col-inner text-left\"  >\n\t\t\t\n\t\t\t\n\n\t<div id=\"gap-358715594\" class=\"gap-element clearfix\" style=\"display:block; height:auto;\">\n\t\t\n<style>\n#gap-358715594 {\n  padding-top: 20px;\n}\n@media (min-width:850px) {\n  #gap-358715594 {\n    padding-top: 50px;\n  }\n}\n<\/style>\n\t<\/div>\n\t<br><h3>&#8216;SISemise ILU\u201d KOOLITUS<\/h3><br>koosneb kahest sessioonist:<br><ol>\r\n \t<li>&#8216;<em><strong>Get To Know Your Body<\/strong><\/em>&#8216; sessioon,\r\nkestus 1,5\u20132 tundi<\/li>\r\n \t<li>&#8216;<em><strong>Become Your Own Beauty Expert<\/strong><\/em>&#8216; sessioon,\r\nkestus 1,5\u20132 tundi<\/li>\r\n<\/ol>\n\n\t\t<\/div>\n\t\t\t\t\n<style>\n#col-745805019 > .col-inner {\n  padding: 0px 0px 0px 0px;\n}\n@media (min-width:850px) {\n  #col-745805019 > .col-inner {\n    padding: 0px 15% 0px 10%;\n  }\n}\n<\/style>\n\t<\/div>\n\n\t\n\n<\/div>\n\n\t\t<\/div>\n\t\t\t\t\t<\/div>\n\n\t\n\n\t<div id=\"col-1372875571\" class=\"col medium-12 small-12 large-8\"  >\n\t\t\t\t<div class=\"col-inner\"  >\n\t\t\t\n\t\t\t\n\n\n  <div class=\"banner has-hover\" id=\"banner-71510955\">\n          <div class=\"banner-inner fill\">\n        <div class=\"banner-bg fill\" >\n            <img loading=\"lazy\" decoding=\"async\" width=\"929\" height=\"700\" src=\"https:\/\/glowmakeup.com\/wp-content\/uploads\/2020\/10\/17beauty-makeup-by-LanaVallo_photo-Martin-Dremljuga.jpg\" class=\"bg attachment-original size-original\" alt=\"\" \/>                                    \n                    <\/div>\n\t\t\n        <div class=\"banner-layers container\">\n            <div class=\"fill banner-link\"><\/div>            \n\n\n        <\/div>\n      <\/div>\n\n            \n<style>\n#banner-71510955 {\n  padding-top: 300px;\n  background-color: rgb(74, 108, 147);\n}\n#banner-71510955 .banner-bg img {\n  object-position: 46% 15%;\n}\n@media (min-width:550px) {\n  #banner-71510955 {\n    padding-top: 500px;\n  }\n}\n@media (min-width:850px) {\n  #banner-71510955 {\n    padding-top: 600px;\n  }\n}\n<\/style>\n  <\/div>\n\n\n\n\t\t<\/div>\n\t\t\t\t\t<\/div>\n\n\t\n\n<\/div>\n<div class=\"row row-collapse row-full-width align-middle align-center\"  id=\"row-208175697\">\n\n\n\t<div id=\"col-1540443098\" class=\"col medium-12 small-12 large-6\"  >\n\t\t\t\t<div class=\"col-inner\"  >\n\t\t\t\n\t\t\t\n\n\n  <div class=\"banner has-hover hide-for-medium\" id=\"banner-329155890\">\n          <div class=\"banner-inner fill\">\n        <div class=\"banner-bg fill\" >\n            <img loading=\"lazy\" decoding=\"async\" width=\"1720\" height=\"896\" src=\"https:\/\/glowmakeup.com\/wp-content\/uploads\/2020\/07\/Level1-beauty-tablet-1.jpg\" class=\"bg attachment-original size-original\" alt=\"\" \/>                                    \n                    <\/div>\n\t\t\n        <div class=\"banner-layers container\">\n            <div class=\"fill banner-link\"><\/div>            \n\n\n        <\/div>\n      <\/div>\n\n            \n<style>\n#banner-329155890 {\n  padding-top: 150px;\n  background-color: rgb(0,0,0);\n}\n#banner-329155890 .banner-bg img {\n  object-position: 51% 57%;\n}\n@media (min-width:550px) {\n  #banner-329155890 {\n    padding-top: 250px;\n  }\n}\n@media (min-width:850px) {\n  #banner-329155890 {\n    padding-top: 600px;\n  }\n}\n<\/style>\n  <\/div>\n\n\n\n\t\t<\/div>\n\t\t\t\t\t<\/div>\n\n\t\n\n\t<div id=\"col-1719304944\" class=\"col medium-10 small-11 large-6\"  >\n\t\t\t\t<div class=\"col-inner\" style=\"background-color:rgb(255, 255, 255);\" >\n\t\t\t\n\t\t\t\n\n<h3>&#8216;SISemise ILU\u201d DETAILNE PLAAN<\/h3><br>Esimesel SESSIOONIL me:<br><br>\u2014 arutame sinu ilu- ja tervisevajadusi ning soove,<br>\u2014 viime l\u00e4bi l\u00fchikese elustiiliv\u00e4\u00e4rtuste hindamise,<br>\u2014 koostame v\u00f5imaliku plaani sinu elustiili uuendamiseks,<br>\u2014 anname personaalseid soovitusi toitumise parandamiseks ning \u00f5petame k\u00f5ige olulisemaid oskusi terve keha ja meele hoidmiseks.<br><br>Teine SESSIOON on t\u00e4ielikult p\u00fchendatud sinu elustiili t\u00e4iustamisele praktiliste \u00fclesannete, harjutuste, retseptide ja praktikate abil, et saavutada tervis seestpoolt \u2014 mis omakorda aitab hoida kauni naha, juuksed ja k\u00fc\u00fcned v\u00e4liselt.<br><h3>MEIE P\u00dcHENDUMUS<\/h3><br>V\u00f5ime garanteerida, et p\u00e4rast neid kahte ilun\u00f5ustamise sessiooni tunned end enesekindlamalt oma elustiilivalikutes ning oskad hoolitseda oma keha eest, alustades tervise ja ilu taastamise protsessi.\n\n\t\t<\/div>\n\t\t\t\t\n<style>\n#col-1719304944 > .col-inner {\n  padding: 40px 0px 40px 0px;\n}\n@media (min-width:550px) {\n  #col-1719304944 > .col-inner {\n    padding: 50px 0px 50px 0px;\n  }\n}\n@media (min-width:850px) {\n  #col-1719304944 > .col-inner {\n    padding: 0px 10% 0px 15%;\n  }\n}\n<\/style>\n\t<\/div>\n\n\t\n\n\t<div id=\"col-1044929679\" class=\"col show-for-medium medium-12 small-12 large-4\"  >\n\t\t\t\t<div class=\"col-inner\"  >\n\t\t\t\n\t\t\t\n\n\n  <div class=\"banner has-hover show-for-medium\" id=\"banner-1003728511\">\n          <div class=\"banner-inner fill\">\n        <div class=\"banner-bg fill\" >\n            <img loading=\"lazy\" decoding=\"async\" width=\"1720\" height=\"896\" src=\"https:\/\/glowmakeup.com\/wp-content\/uploads\/2020\/07\/Level1-beauty-tablet-1.jpg\" class=\"bg attachment-original size-original\" alt=\"\" \/>                                    \n                    <\/div>\n\t\t\n        <div class=\"banner-layers container\">\n            <div class=\"fill banner-link\"><\/div>            \n\n\n        <\/div>\n      <\/div>\n\n            \n<style>\n#banner-1003728511 {\n  padding-top: 300px;\n  background-color: rgb(0,0,0);\n}\n#banner-1003728511 .banner-bg img {\n  object-position: 57% 76%;\n}\n@media (min-width:550px) {\n  #banner-1003728511 {\n    padding-top: 500px;\n  }\n}\n@media (min-width:850px) {\n  #banner-1003728511 {\n    padding-top: 600px;\n  }\n}\n<\/style>\n  <\/div>\n\n\n\n\t\t<\/div>\n\t\t\t\t\t<\/div>\n\n\t\n\n<\/div>\n<div class=\"row row-collapse row-full-width align-middle align-center\"  id=\"row-1651217579\">\n\n\n\t<div id=\"col-1784428667\" class=\"col medium-11 small-12 large-4\"  >\n\t\t\t\t<div class=\"col-inner text-left\"  >\n\t\t\t\n\t\t\t\n\n\t<div id=\"gap-1155584446\" class=\"gap-element clearfix\" style=\"display:block; height:auto;\">\n\t\t\n<style>\n#gap-1155584446 {\n  padding-top: 28px;\n}\n@media (min-width:550px) {\n  #gap-1155584446 {\n    padding-top: 50px;\n  }\n}\n@media (min-width:850px) {\n  #gap-1155584446 {\n    padding-top: 28px;\n  }\n}\n<\/style>\n\t<\/div>\n\t\n\n\t<div id=\"text-3857252874\" class=\"text\">\n\t\t\n\n<h2>HINNAD JA BRONEERIMINE<\/h2><br>\u2014 2 individuaalset online-sessiooni<br>\u2014 kokku \u00fcle 4 tunni\n\t\t\n<style>\n#text-3857252874 {\n  font-size: 0.75rem;\n}\n<\/style>\n\t<\/div>\n\t\n<a href=\"https:\/\/glowmakeup.com\/et\/product\/individual-beauty-coaching\/\" target=\"_blank\" class=\"button secondary is-outline is-small\" rel=\"noopener\" >\n\t\t<span>ONLINE $200<\/span>\n\t<\/a>\n\n\n\t<div id=\"gap-1323311892\" class=\"gap-element clearfix\" style=\"display:block; height:auto;\">\n\t\t\n<style>\n#gap-1323311892 {\n  padding-top: 26px;\n}\n@media (min-width:550px) {\n  #gap-1323311892 {\n    padding-top: 26px;\n  }\n}\n@media (min-width:850px) {\n  #gap-1323311892 {\n    padding-top: 26px;\n  }\n}\n<\/style>\n\t<\/div>\n\t\n\n<div class=\"slider-wrapper relative\" id=\"slider-1770434168\" >\n    <div class=\"slider slider-nav-dots-square slider-nav-simple slider-nav-normal slider-nav-dark slider-nav-outside slider-style-normal\"\n        data-flickity-options='{\n            \"cellAlign\": \"center\",\n            \"imagesLoaded\": true,\n            \"lazyLoad\": 1,\n            \"freeScroll\": false,\n            \"wrapAround\": true,\n            \"autoPlay\": 6000,\n            \"pauseAutoPlayOnHover\" : true,\n            \"prevNextButtons\": true,\n            \"contain\" : true,\n            \"adaptiveHeight\" : true,\n            \"dragThreshold\" : 10,\n            \"percentPosition\": true,\n            \"pageDots\": true,\n            \"rightToLeft\": false,\n            \"draggable\": true,\n            \"selectedAttraction\": 0.1,\n            \"parallax\" : 0,\n            \"friction\": 0.6        }'\n        >\n        \n\n<div class=\"row row-collapse row-full-width align-center\"  id=\"row-1560050633\">\n\n\n\t<div id=\"col-1789870665\" class=\"col small-12 large-12\"  >\n\t\t\t\t<div class=\"col-inner\" style=\"background-color:rgb(227, 236, 240);\" >\n\t\t\t\n\t\t\t\n\n\t<div id=\"text-215944413\" class=\"text\">\n\t\t\n\n<h4>ONLINE ILUN\u00d5USTAMINE<\/h4><br>on sama t\u00f5hus kui kohtumine silmast silma. \u00dcksikasjalikud juhised online-sessioonideks saadetakse kohe p\u00e4rast registreerimise l\u00f5petamist.<br><br>Rohkem teavet j\u00e4rgmistes slaidides &gt;&gt;\n\t\t\n<style>\n#text-215944413 {\n  font-size: 0.8rem;\n}\n<\/style>\n\t<\/div>\n\t\n\n\t\t<\/div>\n\t\t\t\t\n<style>\n#col-1789870665 > .col-inner {\n  padding: 10% 5% 15% 5%;\n  margin: 0px 0px 0px 0px;\n}\n@media (min-width:550px) {\n  #col-1789870665 > .col-inner {\n    padding: 0px 0px 10px 0px;\n  }\n}\n@media (min-width:850px) {\n  #col-1789870665 > .col-inner {\n    padding: 0px 0px 0px 0px;\n  }\n}\n<\/style>\n\t<\/div>\n\n\t\n\n\n<style>\n#row-1560050633 > .col > .col-inner {\n  padding: 17px 18px 17px 19px;\n}\n<\/style>\n<\/div>\n<div class=\"row row-collapse row-full-width align-center\"  id=\"row-1024618516\">\n\n\n\t<div id=\"col-1290681922\" class=\"col small-12 large-12\"  >\n\t\t\t\t<div class=\"col-inner\" style=\"background-color:rgb(227, 236, 240);\" >\n\t\t\t\n\t\t\t\n\n\t<div id=\"text-1203761484\" class=\"text\">\n\t\t\n\n<h4>ONLINE ILUN\u00d5USTAMINE<\/h4><br>Sessioonid salvestatakse ning sulle saadetakse privaatne, isiklik link salvestistele. Nii saad materjale vaadata nii mitu korda, kui vaja, kuni omandad t\u00e4ielikult tehnikad, mida \u00f5pid protsessi k\u00e4igus.\n\t\t\n<style>\n#text-1203761484 {\n  font-size: 0.8rem;\n}\n<\/style>\n\t<\/div>\n\t\n\n\t\t<\/div>\n\t\t\t\t\n<style>\n#col-1290681922 > .col-inner {\n  padding: 0px 0px 0px 0px;\n}\n<\/style>\n\t<\/div>\n\n\t\n\n\n<style>\n#row-1024618516 > .col > .col-inner {\n  padding: 17px 18px 17px 19px;\n}\n<\/style>\n<\/div>\n\n     <\/div>\n\n     <div class=\"loading-spin dark large centered\"><\/div>\n\n\t<\/div>\n\n\n\t<div id=\"gap-810576576\" class=\"gap-element clearfix\" style=\"display:block; height:auto;\">\n\t\t\n<style>\n#gap-810576576 {\n  padding-top: 26px;\n}\n@media (min-width:850px) {\n  #gap-810576576 {\n    padding-top: 26px;\n  }\n}\n<\/style>\n\t<\/div>\n\t\n\n\t<div id=\"text-2928192955\" class=\"text\">\n\t\t\n\n<h3>V\u00d5TA MEIEGA \u00dcHENDUST<\/h3><br>Kui sul on lisak\u00fcsimusi, v\u00f5ta meiega julgelt \u00fchendust j\u00e4rgmiste kanalite kaudu:\n\t\t\n<style>\n#text-2928192955 {\n  font-size: 0.8rem;\n}\n<\/style>\n\t<\/div>\n\t\n<a href=\"mailto:makeup@glowmakeup.com\" class=\"button secondary is-outline is-small\" >\n\t\t<span>EMAIL<\/span>\n\t<\/a>\n\n\n<a href=\"https:\/\/wa.me\/13054406097\" target=\"_blank\" class=\"button secondary is-outline is-small\" rel=\"noopener\" >\n\t\t<span>WHATSAPP<\/span>\n\t<\/a>\n\n\n\t<div id=\"text-2742009980\" class=\"text\">\n\t\t\n\n<h6>v\u00f5i telefoni teel<\/h6><br>+1 (305) 440-6097\n\t\t\n<style>\n#text-2742009980 {\n  font-size: 0.85rem;\n}\n<\/style>\n\t<\/div>\n\t\n\n\t\t<\/div>\n\t\t\t\t\n<style>\n#col-1784428667 > .col-inner {\n  padding: 0px 40px 10px 40px;\n}\n@media (min-width:550px) {\n  #col-1784428667 > .col-inner {\n    padding: 0px 50px 50px 50px;\n  }\n}\n@media (min-width:850px) {\n  #col-1784428667 > .col-inner {\n    padding: 0px 10% 0px 10%;\n  }\n}\n<\/style>\n\t<\/div>\n\n\t\n\n\t<div id=\"col-687161517\" class=\"col medium-12 small-12 large-8\"  >\n\t\t\t\t<div class=\"col-inner\"  >\n\t\t\t\n\t\t\t\n\n\n  <div class=\"banner has-hover\" id=\"banner-289801875\">\n          <div class=\"banner-inner fill\">\n        <div class=\"banner-bg fill\" >\n            <img loading=\"lazy\" decoding=\"async\" width=\"1322\" height=\"1308\" src=\"https:\/\/glowmakeup.com\/wp-content\/uploads\/2020\/09\/GlowMakeupcom_byLanaVallo_PMCbanner_4-e1602463078234.jpg\" class=\"bg attachment-original size-original\" alt=\"\" \/>                                    \n                    <\/div>\n\t\t\n        <div class=\"banner-layers container\">\n            <div class=\"fill banner-link\"><\/div>            \n\n\n        <\/div>\n      <\/div>\n\n            \n<style>\n#banner-289801875 {\n  padding-top: 350px;\n  background-color: rgb(177, 40, 24);\n}\n#banner-289801875 .banner-bg img {\n  object-position: 48% 51%;\n}\n@media (min-width:550px) {\n  #banner-289801875 {\n    padding-top: 500px;\n  }\n}\n@media (min-width:850px) {\n  #banner-289801875 {\n    padding-top: 700px;\n  }\n}\n<\/style>\n  <\/div>\n\n\n\n\t\t<\/div>\n\t\t\t\t\t<\/div>\n\n\t\n\n<\/div>\n\n","protected":false},"excerpt":{"rendered":"","protected":false},"author":3,"featured_media":0,"parent":65264,"menu_order":1,"comment_status":"closed","ping_status":"closed","template":"","meta":{"footnotes":""},"class_list":["post-87421","page","type-page","status-publish","hentry"],"_links":{"self":[{"href":"https:\/\/glowmakeup.com\/et\/wp-json\/wp\/v2\/pages\/87421","targetHints":{"allow":["GET"]}}],"collection":[{"href":"https:\/\/glowmakeup.com\/et\/wp-json\/wp\/v2\/pages"}],"about":[{"href":"https:\/\/glowmakeup.com\/et\/wp-json\/wp\/v2\/types\/page"}],"author":[{"embeddable":true,"href":"https:\/\/glowmakeup.com\/et\/wp-json\/wp\/v2\/users\/3"}],"replies":[{"embeddable":true,"href":"https:\/\/glowmakeup.com\/et\/wp-json\/wp\/v2\/comments?post=87421"}],"version-history":[{"count":2,"href":"https:\/\/glowmakeup.com\/et\/wp-json\/wp\/v2\/pages\/87421\/revisions"}],"predecessor-version":[{"id":87423,"href":"https:\/\/glowmakeup.com\/et\/wp-json\/wp\/v2\/pages\/87421\/revisions\/87423"}],"up":[{"embeddable":true,"href":"https:\/\/glowmakeup.com\/et\/wp-json\/wp\/v2\/pages\/65264"}],"wp:attachment":[{"href":"https:\/\/glowmakeup.com\/et\/wp-json\/wp\/v2\/media?parent=87421"}],"curies":[{"name":"wp","href":"https:\/\/api.w.org\/{rel}","templated":true}]}}