{"id":87426,"date":"2023-10-23T02:38:53","date_gmt":"2023-10-23T01:38:53","guid":{"rendered":"https:\/\/glowmakeup.com\/beauty-coaching\/outer-beauty\/"},"modified":"2025-10-20T23:58:16","modified_gmt":"2025-10-20T22:58:16","slug":"outer-beauty","status":"publish","type":"page","link":"https:\/\/glowmakeup.com\/et\/beauty-coaching\/outer-beauty\/","title":{"rendered":"Outer Beauty"},"content":{"rendered":"\n<div class=\"row row-collapse row-full-width align-middle align-center\"  id=\"row-1505425651\">\n\n\n\t<div id=\"col-2142371909\" class=\"col small-12 large-12\"  >\n\t\t\t\t<div class=\"col-inner text-center dark\" style=\"background-color:rgb(102, 132, 165);\" >\n\t\t\t\n\t\t\t\n\n<h4 class=\"lead\"><strong>&#8216;v\u00e4lisiluga&#8217; n\u00f5ustamissessioonid<\/strong><\/h4>\n\n\t\t<\/div>\n\t\t\t\t\n<style>\n#col-2142371909 > .col-inner {\n  padding: 0px 0px 0px 0px;\n}\n<\/style>\n\t<\/div>\n\n\t\n\n\n<style>\n#row-1505425651 > .col > .col-inner {\n  padding: 20px 0px 10px 0px;\n}\n@media (min-width:550px) {\n  #row-1505425651 > .col > .col-inner {\n    padding: 20px 0px 10px 0px;\n  }\n}\n@media (min-width:850px) {\n  #row-1505425651 > .col > .col-inner {\n    padding: 20px 0px 10px 0px;\n  }\n}\n<\/style>\n<\/div>\n<div class=\"row row-collapse row-full-width align-middle align-center\"  id=\"row-2009148148\">\n\n\n\t<div id=\"col-154261377\" class=\"col medium-12 small-12 large-8\"  >\n\t\t\t\t<div class=\"col-inner\"  >\n\t\t\t\n\t\t\t\n\n\n  <div class=\"banner has-hover\" id=\"banner-1101527391\">\n          <div class=\"banner-inner fill\">\n        <div class=\"banner-bg fill\" >\n            <img loading=\"lazy\" decoding=\"async\" width=\"561\" height=\"700\" src=\"https:\/\/glowmakeup.com\/wp-content\/uploads\/2020\/10\/19beauty-makeup-by-LanaVallo_photo-Martin-Dremljuga.jpg\" class=\"bg attachment-original size-original\" alt=\"\" \/>                                    \n                    <\/div>\n\t\t\n        <div class=\"banner-layers container\">\n            <div class=\"fill banner-link\"><\/div>            \n\n\n        <\/div>\n      <\/div>\n\n            \n<style>\n#banner-1101527391 {\n  padding-top: 300px;\n  background-color: rgb(74, 108, 147);\n}\n#banner-1101527391 .banner-bg img {\n  object-position: 49% 32%;\n}\n@media (min-width:550px) {\n  #banner-1101527391 {\n    padding-top: 500px;\n  }\n}\n@media (min-width:850px) {\n  #banner-1101527391 {\n    padding-top: 700px;\n  }\n}\n<\/style>\n  <\/div>\n\n\n\n\t\t<\/div>\n\t\t\t\t\t<\/div>\n\n\t\n\n\t<div id=\"col-1467173841\" class=\"col medium-10 small-11 large-4\"  >\n\t\t\t\t<div class=\"col-inner\" style=\"background-color:rgb(255, 255, 255);\" >\n\t\t\t\n\t\t\t\n\n<h3 class=\"uppercase\"><span style=\"font-size: 100%;\"><span style=\"font-size: 100%;\">Individuaalne ilun\u00f5ustamine<\/span>\r\n<\/span><\/h3><br>See on viis aidata naistel omaks v\u00f5tta oma loomulik ilu, luua harjumusi, mis pikendavad naha nooruslikku v\u00e4limust, \u00f5petada neid oma v\u00e4limust t\u00e4iustama lihtsate, kuid t\u00f5husate tehnikate abil ning loomulikult anda vastuseid k\u00f5igile nende k\u00f5ige p\u00f5letavamatele iluga seotud k\u00fcsimustele.\n\n\t\t<\/div>\n\t\t\t\t\n<style>\n#col-1467173841 > .col-inner {\n  padding: 50px 0px 50px 0px;\n}\n@media (min-width:850px) {\n  #col-1467173841 > .col-inner {\n    padding: 0px 20% 0px 20%;\n  }\n}\n<\/style>\n\t<\/div>\n\n\t\n\n<\/div>\n<div class=\"row row-collapse row-full-width align-middle align-center\"  id=\"row-1684100121\">\n\n\n\t<div id=\"col-284182122\" class=\"col medium-12 small-12 large-4\"  >\n\t\t\t\t<div class=\"col-inner\"  >\n\t\t\t\n\t\t\t\n\n\n  <div class=\"banner has-hover\" id=\"banner-928915569\">\n          <div class=\"banner-inner fill\">\n        <div class=\"banner-bg fill\" >\n            <img loading=\"lazy\" decoding=\"async\" width=\"563\" height=\"700\" src=\"https:\/\/glowmakeup.com\/wp-content\/uploads\/2020\/10\/18beauty-makeup-by-LanaVallo_photo-Martin-Dremljuga.jpg\" class=\"bg attachment-original size-original\" alt=\"\" \/>                                    \n                    <\/div>\n\t\t\n        <div class=\"banner-layers container\">\n            <div class=\"fill banner-link\"><\/div>            \n\n\n        <\/div>\n      <\/div>\n\n            \n<style>\n#banner-928915569 {\n  padding-top: 300px;\n  background-color: rgb(26, 46, 68);\n}\n#banner-928915569 .banner-bg img {\n  object-position: 50% 19%;\n}\n@media (min-width:550px) {\n  #banner-928915569 {\n    padding-top: 500px;\n  }\n}\n<\/style>\n  <\/div>\n\n\n\n\t\t<\/div>\n\t\t\t\t\t<\/div>\n\n\t\n\n\t<div id=\"col-945193514\" class=\"col medium-10 small-11 large-4\"  >\n\t\t\t\t<div class=\"col-inner\"  >\n\t\t\t\n\t\t\t\n\n\t<div id=\"gap-1250862923\" class=\"gap-element clearfix\" style=\"display:block; height:auto;\">\n\t\t\n<style>\n#gap-1250862923 {\n  padding-top: 20px;\n}\n@media (min-width:550px) {\n  #gap-1250862923 {\n    padding-top: 30px;\n  }\n}\n@media (min-width:850px) {\n  #gap-1250862923 {\n    padding-top: 50px;\n  }\n}\n<\/style>\n\t<\/div>\n\t<br><h2>&#8216;Sinu v\u00e4line ilu k\u00f6idab pilke, aga sinu sisemine ilu vallutab s\u00fcdame.&#8217;<\/h2><br>-Steven Aitchison\n\n\t\t<\/div>\n\t\t\t\t\n<style>\n#col-945193514 > .col-inner {\n  padding: 40px 0px 40px 0px;\n}\n@media (min-width:850px) {\n  #col-945193514 > .col-inner {\n    padding: 0px 10% 0px 10%;\n  }\n}\n<\/style>\n\t<\/div>\n\n\t\n\n\t<div id=\"col-561739695\" class=\"col medium-12 small-12 large-4\"  >\n\t\t\t\t<div class=\"col-inner\"  >\n\t\t\t\n\t\t\t\n\n\n  <div class=\"banner has-hover\" id=\"banner-2060993598\">\n          <div class=\"banner-inner fill\">\n        <div class=\"banner-bg fill\" >\n            <img loading=\"lazy\" decoding=\"async\" width=\"825\" height=\"700\" src=\"https:\/\/glowmakeup.com\/wp-content\/uploads\/2020\/10\/20beauty-makeup-by-LanaVallo_photo-Martin-Dremljuga.jpg\" class=\"bg attachment-original size-original\" alt=\"\" \/>                                    \n                    <\/div>\n\t\t\n        <div class=\"banner-layers container\">\n            <div class=\"fill banner-link\"><\/div>            \n\n\n        <\/div>\n      <\/div>\n\n            \n<style>\n#banner-2060993598 {\n  padding-top: 300px;\n  background-color: rgb(74, 108, 147);\n}\n#banner-2060993598 .banner-bg img {\n  object-position: 51% 48%;\n}\n@media (min-width:550px) {\n  #banner-2060993598 {\n    padding-top: 500px;\n  }\n}\n<\/style>\n  <\/div>\n\n\n\n\t\t<\/div>\n\t\t\t\t\t<\/div>\n\n\t\n\n<\/div>\n<div class=\"row row-collapse row-full-width align-middle align-center\"  id=\"row-1413799008\">\n\n\n\t<div id=\"col-1924038698\" class=\"col medium-10 small-12 large-4\"  >\n\t\t\t\t<div class=\"col-inner\"  >\n\t\t\t\n\t\t\t\n\n<div class=\"row align-middle align-center\"  id=\"row-242431453\">\n\n\n\t<div id=\"col-1468682347\" class=\"col medium-12 small-11 large-12\"  >\n\t\t\t\t<div class=\"col-inner text-left\"  >\n\t\t\t\n\t\t\t\n\n\t<div id=\"gap-45608752\" class=\"gap-element clearfix\" style=\"display:block; height:auto;\">\n\t\t\n<style>\n#gap-45608752 {\n  padding-top: 20px;\n}\n@media (min-width:850px) {\n  #gap-45608752 {\n    padding-top: 50px;\n  }\n}\n<\/style>\n\t<\/div>\n\t<br><h3>&#8216;V\u00c4LISILU KOOLITUS<\/h3><br>koosneb kahest individuaalsest sessioonist:<br><ol>\r\n \t<li>&#8216;<strong>Fabulous<\/strong>&#8216; sissejuhatav sessioon,\r\nkestus 1,5\u20132 tundi<\/li>\r\n \t<li>&#8216;<strong>Be Your Own Makeup Artist<\/strong>&#8216; sessioon,\r\nkestus 1,5\u20132 tundi<\/li>\r\n<\/ol>\n\n\t\t<\/div>\n\t\t\t\t\n<style>\n#col-1468682347 > .col-inner {\n  padding: 0px 0px 0px 0px;\n}\n@media (min-width:850px) {\n  #col-1468682347 > .col-inner {\n    padding: 0px 15% 0px 10%;\n  }\n}\n<\/style>\n\t<\/div>\n\n\t\n\n<\/div>\n\n\t\t<\/div>\n\t\t\t\t\t<\/div>\n\n\t\n\n\t<div id=\"col-1254399801\" class=\"col medium-12 small-12 large-8\"  >\n\t\t\t\t<div class=\"col-inner\"  >\n\t\t\t\n\t\t\t\n\n\n  <div class=\"banner has-hover\" id=\"banner-1283688858\">\n          <div class=\"banner-inner fill\">\n        <div class=\"banner-bg fill\" >\n            <img loading=\"lazy\" decoding=\"async\" width=\"1322\" height=\"1308\" src=\"https:\/\/glowmakeup.com\/wp-content\/uploads\/2020\/09\/GlowMakeupcom_byLanaVallo_PMCbanner_4-e1602463078234.jpg\" class=\"bg attachment-original size-original\" alt=\"\" \/>                                    \n                    <\/div>\n\t\t\n        <div class=\"banner-layers container\">\n            <div class=\"fill banner-link\"><\/div>            \n\n\n        <\/div>\n      <\/div>\n\n            \n<style>\n#banner-1283688858 {\n  padding-top: 350px;\n  background-color: rgb(177, 40, 24);\n}\n#banner-1283688858 .banner-bg img {\n  object-position: 46% 15%;\n}\n@media (min-width:550px) {\n  #banner-1283688858 {\n    padding-top: 650px;\n  }\n}\n@media (min-width:850px) {\n  #banner-1283688858 {\n    padding-top: 600px;\n  }\n}\n<\/style>\n  <\/div>\n\n\n\n\t\t<\/div>\n\t\t\t\t\t<\/div>\n\n\t\n\n<\/div>\n<div class=\"row row-collapse row-full-width align-middle align-center\"  id=\"row-1772643729\">\n\n\n\t<div id=\"col-86629704\" class=\"col medium-12 small-12 large-6\"  >\n\t\t\t\t<div class=\"col-inner\"  >\n\t\t\t\n\t\t\t\n\n\n  <div class=\"banner has-hover hide-for-medium\" id=\"banner-2041104141\">\n          <div class=\"banner-inner fill\">\n        <div class=\"banner-bg fill\" >\n            <img loading=\"lazy\" decoding=\"async\" width=\"1720\" height=\"896\" src=\"https:\/\/glowmakeup.com\/wp-content\/uploads\/2020\/07\/Level1-beauty-tablet-1.jpg\" class=\"bg attachment-original size-original\" alt=\"\" \/>                                    \n                    <\/div>\n\t\t\n        <div class=\"banner-layers container\">\n            <div class=\"fill banner-link\"><\/div>            \n\n\n        <\/div>\n      <\/div>\n\n            \n<style>\n#banner-2041104141 {\n  padding-top: 150px;\n  background-color: rgb(0,0,0);\n}\n#banner-2041104141 .banner-bg img {\n  object-position: 51% 57%;\n}\n@media (min-width:550px) {\n  #banner-2041104141 {\n    padding-top: 250px;\n  }\n}\n@media (min-width:850px) {\n  #banner-2041104141 {\n    padding-top: 600px;\n  }\n}\n<\/style>\n  <\/div>\n\n\n\n\t\t<\/div>\n\t\t\t\t\t<\/div>\n\n\t\n\n\t<div id=\"col-1577429488\" class=\"col medium-10 small-11 large-6\"  >\n\t\t\t\t<div class=\"col-inner\" style=\"background-color:rgb(255, 255, 255);\" >\n\t\t\t\n\t\t\t\n\n<h3>&#8216;V\u00c4LISILU&#8217; DETAILNE PLAAN<\/h3><br>During <em><strong>Esimesel SESSIOONIL<\/strong><\/em>, me:<br><br>\u2014 arutame sinu ilusoove ja vajadusi,<br>\u2014 vaatame \u00fcle sinu nahahooldus- ja meigikomplekti,<br>\u2014 koostame v\u00f5imaliku plaani ilutoodete uuendamiseks,<br>\u2014 \u00f5petame minimaalseid igap\u00e4evaseid korrektuurmeigi tehnikaid, keskendudes eelk\u00f5ige veatu naha ja v\u00e4ljendusrikaste silmade saavutamisele.<br><br><em><strong>Teine SESSIOON<\/strong><\/em> on t\u00e4ielikult p\u00fchendatud sinu meigioskuste arendamisele \u2014 alates igap\u00e4evasest korrektuurmeigist kuni glamuurse peomeigini.<br><h3>MEIE P\u00dcHENDUMUS<\/h3><br>P\u00e4rast neid kahte ilun\u00f5ustamise sessiooni tunned end enesekindlamalt ja oskad enamikeks olukordadeks ise oma meigi teha.\n\n\t\t<\/div>\n\t\t\t\t\n<style>\n#col-1577429488 > .col-inner {\n  padding: 50px 0px 50px 0px;\n}\n@media (min-width:850px) {\n  #col-1577429488 > .col-inner {\n    padding: 0px 10% 0px 15%;\n  }\n}\n<\/style>\n\t<\/div>\n\n\t\n\n\t<div id=\"col-1316276344\" class=\"col show-for-medium medium-12 small-12 large-12\"  >\n\t\t\t\t<div class=\"col-inner\"  >\n\t\t\t\n\t\t\t\n\n\n  <div class=\"banner has-hover show-for-medium\" id=\"banner-2039643939\">\n          <div class=\"banner-inner fill\">\n        <div class=\"banner-bg fill\" >\n            <img loading=\"lazy\" decoding=\"async\" width=\"1720\" height=\"896\" src=\"https:\/\/glowmakeup.com\/wp-content\/uploads\/2020\/07\/Level1-beauty-tablet-1.jpg\" class=\"bg attachment-original size-original\" alt=\"\" \/>                                    \n                    <\/div>\n\t\t\n        <div class=\"banner-layers container\">\n            <div class=\"fill banner-link\"><\/div>            \n\n\n        <\/div>\n      <\/div>\n\n            \n<style>\n#banner-2039643939 {\n  padding-top: 350px;\n  background-color: rgb(11, 10, 10);\n}\n#banner-2039643939 .banner-bg img {\n  object-position: 57% 76%;\n}\n@media (min-width:550px) {\n  #banner-2039643939 {\n    padding-top: 500px;\n  }\n}\n@media (min-width:850px) {\n  #banner-2039643939 {\n    padding-top: 600px;\n  }\n}\n<\/style>\n  <\/div>\n\n\n\n\t\t<\/div>\n\t\t\t\t\t<\/div>\n\n\t\n\n<\/div>\n<div class=\"row row-collapse row-full-width align-middle align-center\"  id=\"row-802001105\">\n\n\n\t<div id=\"col-507182062\" class=\"col medium-11 small-12 large-4\"  >\n\t\t\t\t<div class=\"col-inner text-left\"  >\n\t\t\t\n\t\t\t\n\n\t<div id=\"gap-2091701712\" class=\"gap-element clearfix\" style=\"display:block; height:auto;\">\n\t\t\n<style>\n#gap-2091701712 {\n  padding-top: 28px;\n}\n@media (min-width:550px) {\n  #gap-2091701712 {\n    padding-top: 50px;\n  }\n}\n@media (min-width:850px) {\n  #gap-2091701712 {\n    padding-top: 28px;\n  }\n}\n<\/style>\n\t<\/div>\n\t\n\n\t<div id=\"text-522033357\" class=\"text\">\n\t\t\n\n<h2>HINNAD JA BRONEERIMINE<\/h2><br>\u2014 2 individuaalset online-sessiooni<br>\u2014 kokku \u00fcle 4 tunni\n\t\t\n<style>\n#text-522033357 {\n  font-size: 0.75rem;\n}\n<\/style>\n\t<\/div>\n\t\n<a href=\"https:\/\/glowmakeup.com\/et\/product\/individual-beauty-coaching\/\" target=\"_blank\" class=\"button secondary is-outline is-small\" rel=\"noopener\" >\n\t\t<span>ONLINE $200<\/span>\n\t<\/a>\n\n\n\t<div id=\"gap-405248576\" class=\"gap-element clearfix\" style=\"display:block; height:auto;\">\n\t\t\n<style>\n#gap-405248576 {\n  padding-top: 26px;\n}\n@media (min-width:550px) {\n  #gap-405248576 {\n    padding-top: 26px;\n  }\n}\n@media (min-width:850px) {\n  #gap-405248576 {\n    padding-top: 26px;\n  }\n}\n<\/style>\n\t<\/div>\n\t\n\n<div class=\"slider-wrapper relative\" id=\"slider-530993119\" >\n    <div class=\"slider slider-nav-dots-square slider-nav-simple slider-nav-normal slider-nav-dark slider-nav-outside slider-style-normal\"\n        data-flickity-options='{\n            \"cellAlign\": \"center\",\n            \"imagesLoaded\": true,\n            \"lazyLoad\": 1,\n            \"freeScroll\": false,\n            \"wrapAround\": true,\n            \"autoPlay\": 6000,\n            \"pauseAutoPlayOnHover\" : true,\n            \"prevNextButtons\": true,\n            \"contain\" : true,\n            \"adaptiveHeight\" : true,\n            \"dragThreshold\" : 10,\n            \"percentPosition\": true,\n            \"pageDots\": true,\n            \"rightToLeft\": false,\n            \"draggable\": true,\n            \"selectedAttraction\": 0.1,\n            \"parallax\" : 0,\n            \"friction\": 0.6        }'\n        >\n        \n\n<div class=\"row row-collapse row-full-width align-center\"  id=\"row-1877809051\">\n\n\n\t<div id=\"col-1110170571\" class=\"col small-12 large-12\"  >\n\t\t\t\t<div class=\"col-inner\" style=\"background-color:rgb(227, 236, 240);\" >\n\t\t\t\n\t\t\t\n\n\t<div id=\"text-1705306941\" class=\"text\">\n\t\t\n\n<h4>ONLINE ILUN\u00d5USTAMINE<\/h4><br>on sama t\u00f5hus kui kohtumine silmast silma. \u00dcksikasjalikud juhised online-sessioonideks saadetakse kohe p\u00e4rast registreerimise l\u00f5petamist..<br><br>Rohkem teavet j\u00e4rgmistes slaidides &gt;&gt;\n\t\t\n<style>\n#text-1705306941 {\n  font-size: 0.8rem;\n}\n<\/style>\n\t<\/div>\n\t\n\n\t\t<\/div>\n\t\t\t\t\n<style>\n#col-1110170571 > .col-inner {\n  padding: 10% 5% 15% 5%;\n  margin: 0px 0px 0px 0px;\n}\n@media (min-width:550px) {\n  #col-1110170571 > .col-inner {\n    padding: 0px 0px 10px 0px;\n  }\n}\n@media (min-width:850px) {\n  #col-1110170571 > .col-inner {\n    padding: 0px 0px 0px 0px;\n  }\n}\n<\/style>\n\t<\/div>\n\n\t\n\n\n<style>\n#row-1877809051 > .col > .col-inner {\n  padding: 17px 18px 17px 19px;\n}\n<\/style>\n<\/div>\n<div class=\"row row-collapse row-full-width align-center\"  id=\"row-1431694462\">\n\n\n\t<div id=\"col-975303891\" class=\"col small-12 large-12\"  >\n\t\t\t\t<div class=\"col-inner\" style=\"background-color:rgb(227, 236, 240);\" >\n\t\t\t\n\t\t\t\n\n\t<div id=\"text-3765945758\" class=\"text\">\n\t\t\n\n<h4>ONLINE ILUN\u00d5USTAMINE<\/h4><br>Sessioonid salvestatakse ning sulle saadetakse privaatne, isiklik link salvestistele. Nii saad materjale vaadata nii mitu korda, kui vaja, kuni omandad t\u00e4ielikult tehnikad, mida \u00f5pid protsessi k\u00e4igus.\n\t\t\n<style>\n#text-3765945758 {\n  font-size: 0.8rem;\n}\n<\/style>\n\t<\/div>\n\t\n\n\t\t<\/div>\n\t\t\t\t\n<style>\n#col-975303891 > .col-inner {\n  padding: 0px 0px 0px 0px;\n}\n<\/style>\n\t<\/div>\n\n\t\n\n\n<style>\n#row-1431694462 > .col > .col-inner {\n  padding: 17px 18px 17px 19px;\n}\n<\/style>\n<\/div>\n<div class=\"row row-collapse row-full-width align-center\"  id=\"row-1381552118\">\n\n\n\t<div id=\"col-1966381421\" class=\"col small-12 large-12\"  >\n\t\t\t\t<div class=\"col-inner\" style=\"background-color:rgb(227, 236, 240);\" >\n\t\t\t\n\t\t\t\n\n\t<div id=\"text-552136983\" class=\"text\">\n\t\t\n\n<h4>AILUKOMPLEKTI \u00dcLEVAADE<\/h4><br>toimub enne esimest sessiooni. Meie iluekspert soovitab p\u00f5hivahendeid, mida vajad tehnikate l\u00e4bimiseks tundide ajal ning edaspidi oma meigi iseseisvaks tegemiseks.\n\t\t\n<style>\n#text-552136983 {\n  font-size: 0.8rem;\n}\n<\/style>\n\t<\/div>\n\t\n\n\t\t<\/div>\n\t\t\t\t\n<style>\n#col-1966381421 > .col-inner {\n  padding: 0px 0px 0px 0px;\n}\n<\/style>\n\t<\/div>\n\n\t\n\n\n<style>\n#row-1381552118 > .col > .col-inner {\n  padding: 17px 18px 17px 19px;\n}\n<\/style>\n<\/div>\n\n     <\/div>\n\n     <div class=\"loading-spin dark large centered\"><\/div>\n\n\t<\/div>\n\n\n\t<div id=\"gap-433102345\" class=\"gap-element clearfix\" style=\"display:block; height:auto;\">\n\t\t\n<style>\n#gap-433102345 {\n  padding-top: 26px;\n}\n@media (min-width:850px) {\n  #gap-433102345 {\n    padding-top: 26px;\n  }\n}\n<\/style>\n\t<\/div>\n\t\n\n\t<div id=\"text-1324120336\" class=\"text\">\n\t\t\n\n<h3>V\u00d5TA MEIEGA \u00dcHENDUST<\/h3><br>Kui sul on lisak\u00fcsimusi, v\u00f5ta meiega julgelt \u00fchendust j\u00e4rgmiste kanalite kaudu:\n\t\t\n<style>\n#text-1324120336 {\n  font-size: 0.8rem;\n}\n<\/style>\n\t<\/div>\n\t\n<a href=\"mailto:makeup@glowmakeup.com\" class=\"button secondary is-outline is-small\" >\n\t\t<span>EMAIL<\/span>\n\t<\/a>\n\n\n<a href=\"https:\/\/wa.me\/13054406097\" target=\"_blank\" class=\"button secondary is-outline is-small\" rel=\"noopener\" >\n\t\t<span>WHATSAPP<\/span>\n\t<\/a>\n\n\n<h6>v\u00f5i telefoni teel<\/h6><br>+1 (305) 440-6097\n\n\t\t<\/div>\n\t\t\t\t\n<style>\n#col-507182062 > .col-inner {\n  padding: 0px 40px 10px 40px;\n}\n@media (min-width:550px) {\n  #col-507182062 > .col-inner {\n    padding: 0px 50px 50px 50px;\n  }\n}\n@media (min-width:850px) {\n  #col-507182062 > .col-inner {\n    padding: 0px 10% 0px 10%;\n  }\n}\n<\/style>\n\t<\/div>\n\n\t\n\n\t<div id=\"col-1013000192\" class=\"col medium-12 small-12 large-8\"  >\n\t\t\t\t<div class=\"col-inner\"  >\n\t\t\t\n\t\t\t\n\n\n  <div class=\"banner has-hover\" id=\"banner-1896254199\">\n          <div class=\"banner-inner fill\">\n        <div class=\"banner-bg fill\" >\n            <img loading=\"lazy\" decoding=\"async\" width=\"929\" height=\"700\" src=\"https:\/\/glowmakeup.com\/wp-content\/uploads\/2020\/10\/17beauty-makeup-by-LanaVallo_photo-Martin-Dremljuga.jpg\" class=\"bg attachment-original size-original\" alt=\"\" \/>                                    \n                    <\/div>\n\t\t\n        <div class=\"banner-layers container\">\n            <div class=\"fill banner-link\"><\/div>            \n\n\n        <\/div>\n      <\/div>\n\n            \n<style>\n#banner-1896254199 {\n  padding-top: 300px;\n  background-color: rgb(74, 108, 147);\n}\n#banner-1896254199 .banner-bg img {\n  object-position: 48% 51%;\n}\n@media (min-width:550px) {\n  #banner-1896254199 {\n    padding-top: 500px;\n  }\n}\n@media (min-width:850px) {\n  #banner-1896254199 {\n    padding-top: 700px;\n  }\n}\n<\/style>\n  <\/div>\n\n\n\n\t\t<\/div>\n\t\t\t\t\t<\/div>\n\n\t\n\n<\/div>\n\n","protected":false},"excerpt":{"rendered":"","protected":false},"author":3,"featured_media":0,"parent":65264,"menu_order":2,"comment_status":"closed","ping_status":"closed","template":"","meta":{"footnotes":""},"class_list":["post-87426","page","type-page","status-publish","hentry"],"_links":{"self":[{"href":"https:\/\/glowmakeup.com\/et\/wp-json\/wp\/v2\/pages\/87426","targetHints":{"allow":["GET"]}}],"collection":[{"href":"https:\/\/glowmakeup.com\/et\/wp-json\/wp\/v2\/pages"}],"about":[{"href":"https:\/\/glowmakeup.com\/et\/wp-json\/wp\/v2\/types\/page"}],"author":[{"embeddable":true,"href":"https:\/\/glowmakeup.com\/et\/wp-json\/wp\/v2\/users\/3"}],"replies":[{"embeddable":true,"href":"https:\/\/glowmakeup.com\/et\/wp-json\/wp\/v2\/comments?post=87426"}],"version-history":[{"count":2,"href":"https:\/\/glowmakeup.com\/et\/wp-json\/wp\/v2\/pages\/87426\/revisions"}],"predecessor-version":[{"id":87428,"href":"https:\/\/glowmakeup.com\/et\/wp-json\/wp\/v2\/pages\/87426\/revisions\/87428"}],"up":[{"embeddable":true,"href":"https:\/\/glowmakeup.com\/et\/wp-json\/wp\/v2\/pages\/65264"}],"wp:attachment":[{"href":"https:\/\/glowmakeup.com\/et\/wp-json\/wp\/v2\/media?parent=87426"}],"curies":[{"name":"wp","href":"https:\/\/api.w.org\/{rel}","templated":true}]}}