{"id":61249,"date":"2020-10-08T21:45:12","date_gmt":"2020-10-08T20:45:12","guid":{"rendered":"https:\/\/glowmakeup.com\/product\/level-4-brow-master\/"},"modified":"2021-01-12T11:35:06","modified_gmt":"2021-01-12T10:35:06","slug":"level-4-brow-master","status":"publish","type":"product","link":"https:\/\/glowmakeup.com\/et\/product\/level-4-brow-master\/","title":{"rendered":"Tase 4 Kulmumeister"},"content":{"rendered":"<p>Kursuse kava, 3 \u00f5ppetundi:<\/p>\n<ul>\n<li><span style=\"color: #333333;\">Kulmumeistri h\u00fcgieen<\/span><\/li>\n<li>Kulmude kujundamine v\u00e4rvide, pintsettide, k\u00e4\u00e4ride, vaha ja niidi abil<\/li>\n<li>Kuidas taastada kulmu loomulik kuju<\/li>\n<li>S\u00fcmmeetria ja High Definition tulemus<\/li>\n<li>Teenuste turustamine ja kliendibaasi loomine<\/li>\n<\/ul>\n<p>SUPER: 1 t\u00e4iendav praktikatund<\/p>\n<p>PREMIUM: 2 t\u00e4iendavat praktikatundi <br \/><a href=\"https:\/\/glowmakeup.com\/et\/makeup-school\/\">Lisa info &gt;&gt;<\/a><\/p>\n","protected":false},"excerpt":{"rendered":"<p>\u00d5pi esmaklassilist kulmude korrigeerimise salongihooldust, mis h\u00f5lmab endasse v\u00e4rvimist, vahatamist ja niiditamist, ja hakka looma modelleeritud, perfektsed ja n\u00f5udluses olevad kulmud<\/p>\n","protected":false},"featured_media":83531,"template":"","meta":[],"product_brand":[],"product_cat":[120],"product_tag":[],"class_list":{"0":"post-61249","1":"product","2":"type-product","3":"status-publish","4":"has-post-thumbnail","6":"product_cat-makeup-school-et","8":"first","9":"instock","10":"sale","11":"shipping-taxable","12":"purchasable","13":"product-type-variable","14":"has-default-attributes"},"_links":{"self":[{"href":"https:\/\/glowmakeup.com\/et\/wp-json\/wp\/v2\/product\/61249","targetHints":{"allow":["GET"]}}],"collection":[{"href":"https:\/\/glowmakeup.com\/et\/wp-json\/wp\/v2\/product"}],"about":[{"href":"https:\/\/glowmakeup.com\/et\/wp-json\/wp\/v2\/types\/product"}],"wp:featuredmedia":[{"embeddable":true,"href":"https:\/\/glowmakeup.com\/et\/wp-json\/wp\/v2\/media\/83531"}],"wp:attachment":[{"href":"https:\/\/glowmakeup.com\/et\/wp-json\/wp\/v2\/media?parent=61249"}],"wp:term":[{"taxonomy":"product_brand","embeddable":true,"href":"https:\/\/glowmakeup.com\/et\/wp-json\/wp\/v2\/product_brand?post=61249"},{"taxonomy":"product_cat","embeddable":true,"href":"https:\/\/glowmakeup.com\/et\/wp-json\/wp\/v2\/product_cat?post=61249"},{"taxonomy":"product_tag","embeddable":true,"href":"https:\/\/glowmakeup.com\/et\/wp-json\/wp\/v2\/product_tag?post=61249"}],"curies":[{"name":"wp","href":"https:\/\/api.w.org\/{rel}","templated":true}]}}