{"id":61253,"date":"2020-10-14T21:50:53","date_gmt":"2020-10-14T20:50:53","guid":{"rendered":"https:\/\/glowmakeup.com\/product\/beauty-fashion-makeup-artist\/"},"modified":"2020-10-21T17:43:12","modified_gmt":"2020-10-21T16:43:12","slug":"beauty-fashion-makeup-artist","status":"publish","type":"product","link":"https:\/\/glowmakeup.com\/et\/product\/beauty-fashion-makeup-artist\/","title":{"rendered":"Beauty &#038; Fashion Meigikunstnik"},"content":{"rendered":"<p>KOOLITUSE KAVA:<\/p>\n<p>Tase 1. Ilumeik, 10 \u00f5ppetundi<\/p>\n<p>Tase 2. Moemeik, 6 \u00f5ppetundi<\/p>\n<p>SUPER: 2 t\u00e4iendavat praktikatundi<\/p>\n<p>PREMIUM: 4 t\u00e4iendavat praktikatundi<\/p>\n<p><a href=\"https:\/\/glowmakeup.com\/et\/makeup-school\/\">Lisa info &gt;&gt;<\/a><\/p>\n","protected":false},"excerpt":{"rendered":"<h4>Ilu- ja moemeigi koolitus, kus \u00f5pid k\u00f5ike ilumeigi kohta, alustades p\u00e4evameigist, \u00f5htumeigist, korrigeerivast, pruudi- ja fotomeigist, l\u00f5petades intensiivsete ja loominguliste meikidega ilu- ja moepildistamisteks<\/h4>\n","protected":false},"featured_media":59194,"template":"","meta":[],"product_brand":[],"product_cat":[120],"product_tag":[],"class_list":{"0":"post-61253","1":"product","2":"type-product","3":"status-publish","4":"has-post-thumbnail","6":"product_cat-makeup-school-et","8":"first","9":"instock","10":"sale","11":"shipping-taxable","12":"purchasable","13":"product-type-variable","14":"has-default-attributes"},"_links":{"self":[{"href":"https:\/\/glowmakeup.com\/et\/wp-json\/wp\/v2\/product\/61253","targetHints":{"allow":["GET"]}}],"collection":[{"href":"https:\/\/glowmakeup.com\/et\/wp-json\/wp\/v2\/product"}],"about":[{"href":"https:\/\/glowmakeup.com\/et\/wp-json\/wp\/v2\/types\/product"}],"wp:featuredmedia":[{"embeddable":true,"href":"https:\/\/glowmakeup.com\/et\/wp-json\/wp\/v2\/media\/59194"}],"wp:attachment":[{"href":"https:\/\/glowmakeup.com\/et\/wp-json\/wp\/v2\/media?parent=61253"}],"wp:term":[{"taxonomy":"product_brand","embeddable":true,"href":"https:\/\/glowmakeup.com\/et\/wp-json\/wp\/v2\/product_brand?post=61253"},{"taxonomy":"product_cat","embeddable":true,"href":"https:\/\/glowmakeup.com\/et\/wp-json\/wp\/v2\/product_cat?post=61253"},{"taxonomy":"product_tag","embeddable":true,"href":"https:\/\/glowmakeup.com\/et\/wp-json\/wp\/v2\/product_tag?post=61253"}],"curies":[{"name":"wp","href":"https:\/\/api.w.org\/{rel}","templated":true}]}}