{"id":61254,"date":"2020-10-09T15:54:04","date_gmt":"2020-10-09T14:54:04","guid":{"rendered":"https:\/\/glowmakeup.com\/product\/level-3-hair-styling-for-muas\/"},"modified":"2020-10-21T17:41:05","modified_gmt":"2020-10-21T16:41:05","slug":"level-3-hair-styling-for-muas","status":"publish","type":"product","link":"https:\/\/glowmakeup.com\/et\/product\/level-3-hair-styling-for-muas\/","title":{"rendered":"Tase 3 Soengud"},"content":{"rendered":"<p>Koolituse kava, 7 \u00f5ppetundi:<\/p>\n<div class=\"accordion-inner\">\n<ul>\n<li class=\"bullet-checkmark\">\n<div class=\"result-shield-container tlid-copy-target\" tabindex=\"0\"><span class=\"tlid-translation translation\" lang=\"et\"><span class=\"\" title=\"\">Soengutoodete valik<\/span> <\/span><\/div>\n<\/li>\n<li class=\"bullet-checkmark\">\n<div class=\"result-shield-container tlid-copy-target\" tabindex=\"0\"><span class=\"tlid-translation translation\" lang=\"et\"><span class=\"\" title=\"\">T\u00f6\u00f6riistad ja seadmed<\/span> <\/span><\/div>\n<\/li>\n<li class=\"bullet-checkmark\">\n<div class=\"result-shield-container tlid-copy-target\" tabindex=\"0\"><span class=\"tlid-translation translation\" lang=\"et\"><span class=\"\" title=\"\">H\u00fcgieen<\/span> <\/span><\/div>\n<\/li>\n<li class=\"bullet-checkmark\">\n<div class=\"result-shield-container tlid-copy-target\" tabindex=\"0\"><span class=\"tlid-translation translation\" lang=\"et\"><span title=\"\">Vol\u00fc\u00fcmika tulemuse saavutamine tupeerimisega ja ilma<\/span> <\/span><\/div>\n<\/li>\n<li class=\"bullet-checkmark\">\n<div class=\"result-shield-container tlid-copy-target\" tabindex=\"0\"><span class=\"tlid-translation translation\" lang=\"et\"><span title=\"\">Erinevad lokkide stiilid kuumade t\u00f6\u00f6riistadega<\/span> <\/span><\/div>\n<\/li>\n<li class=\"bullet-checkmark\">\n<div class=\"result-shield-container tlid-copy-target\" tabindex=\"0\"><span class=\"tlid-translation translation\" lang=\"et\"><span title=\"\">Kaasaegsed \u00fclespandud soengud<\/span> <\/span><\/div>\n<\/li>\n<li class=\"bullet-checkmark\">\n<div class=\"result-shield-container tlid-copy-target\" tabindex=\"0\"><span class=\"tlid-translation translation\" lang=\"et\"><span title=\"\">Loomingulised stiilid moe- ja ilupildistamiste jaoks<\/span> <\/span><\/div>\n<\/li>\n<li class=\"bullet-checkmark\">\n<div class=\"result-shield-container tlid-copy-target\" tabindex=\"0\"><span class=\"tlid-translation translation\" lang=\"et\"><span title=\"\">Oma teenuste turustamine ja kliendibaasi loomine<\/span><\/span><\/div>\n<\/li>\n<\/ul>\n<\/div>\n<p>SUPER: 1 t\u00e4iendav praktikatund<\/p>\n<p>PREMIUM: 2 t\u00e4iendavat praktikatundi<\/p>\n<div id=\"row-1075782674\" class=\"row row-collapse\">\n<div id=\"col-1241228439\" class=\"col medium-6 small-12 large-6\">\n<div class=\"col-inner text-left\"><a href=\"https:\/\/glowmakeup.com\/et\/makeup-school\/\">Lisa info &gt;&gt;<\/a><\/div>\n<\/div>\n<\/div>\n","protected":false},"excerpt":{"rendered":"<h4>\u00d5pid looma erinevaid stiilseid ajakohaseid soenguid igaks olukorraks, et t\u00e4iendada tehtud meiki, alates erapidudest kuni punase vaiba \u00fcrituste ning moepildistamisteni<\/h4>\n","protected":false},"featured_media":60985,"template":"","meta":[],"product_brand":[],"product_cat":[120],"product_tag":[],"class_list":{"0":"post-61254","1":"product","2":"type-product","3":"status-publish","4":"has-post-thumbnail","6":"product_cat-makeup-school-et","8":"first","9":"instock","10":"shipping-taxable","11":"product-type-variable","12":"has-default-attributes"},"_links":{"self":[{"href":"https:\/\/glowmakeup.com\/et\/wp-json\/wp\/v2\/product\/61254","targetHints":{"allow":["GET"]}}],"collection":[{"href":"https:\/\/glowmakeup.com\/et\/wp-json\/wp\/v2\/product"}],"about":[{"href":"https:\/\/glowmakeup.com\/et\/wp-json\/wp\/v2\/types\/product"}],"wp:featuredmedia":[{"embeddable":true,"href":"https:\/\/glowmakeup.com\/et\/wp-json\/wp\/v2\/media\/60985"}],"wp:attachment":[{"href":"https:\/\/glowmakeup.com\/et\/wp-json\/wp\/v2\/media?parent=61254"}],"wp:term":[{"taxonomy":"product_brand","embeddable":true,"href":"https:\/\/glowmakeup.com\/et\/wp-json\/wp\/v2\/product_brand?post=61254"},{"taxonomy":"product_cat","embeddable":true,"href":"https:\/\/glowmakeup.com\/et\/wp-json\/wp\/v2\/product_cat?post=61254"},{"taxonomy":"product_tag","embeddable":true,"href":"https:\/\/glowmakeup.com\/et\/wp-json\/wp\/v2\/product_tag?post=61254"}],"curies":[{"name":"wp","href":"https:\/\/api.w.org\/{rel}","templated":true}]}}