{"id":61264,"date":"2020-10-11T13:51:39","date_gmt":"2020-10-11T12:51:39","guid":{"rendered":"https:\/\/glowmakeup.com\/product\/level-1-beauty-makeup-artist\/"},"modified":"2020-10-21T17:40:32","modified_gmt":"2020-10-21T16:40:32","slug":"level-1-beauty-makeup-artist","status":"publish","type":"product","link":"https:\/\/glowmakeup.com\/et\/product\/level-1-beauty-makeup-artist\/","title":{"rendered":"Tase 1 Ilumeik"},"content":{"rendered":"<p>Koolituse kava, 10 \u00f5ppetundi:<\/p>\n<div class=\"accordion-inner\">\n<ul>\n<li class=\"bullet-checkmark\">V\u00e4rviteooria praktikas<\/li>\n<li class=\"bullet-checkmark\"><span class=\"tlid-translation translation\" lang=\"et\">Professionaalse komplekti \u00fclevaade, h\u00fcgieen, kosmeetika koostisosade ohutus ja naha tervis <\/span><\/li>\n<li class=\"bullet-checkmark\"><span class=\"tlid-translation translation\" lang=\"et\">T\u00f6\u00f6eetika, ps\u00fchholoogia ja konsulteerimine <\/span><\/li>\n<li class=\"bullet-checkmark\"><span class=\"tlid-translation translation\" lang=\"et\">T\u00e4iuslik p\u00f5hi erinevatele nahat\u00fc\u00fcpidele \u2013 naha ettevalmistamine meigiks (aluskreemid), jumestuskreemi valik ja pealekandmine (kreemjal ja puudrisel kujul), s\u00e4rava noorusliku nahaefekti saavutamine <\/span><\/li>\n<li class=\"bullet-checkmark\"><span class=\"tlid-translation translation\" lang=\"et\">P\u00f5sepuna, kontuurimine ja highlighter\u2019i kasutamine, modelleerimine kreemjate ja puudriste toodete abil <\/span><\/li>\n<li class=\"bullet-checkmark\"><span class=\"tlid-translation translation\" lang=\"et\">T\u00e4iuslikud kulmud, kulmude kujundamine meigitoodetega <\/span><\/li>\n<li class=\"bullet-checkmark\"><span class=\"tlid-translation translation\" lang=\"et\">T\u00f6\u00f6 huultega \u2013 huulekuju korrigeerimine, 3-D huuled huulepliiatsi, huulepulga ja l\u00e4ikega, kauap\u00fcsiv huulemeik, s\u00e4ravad huuled <\/span><\/li>\n<li class=\"bullet-checkmark\"><span class=\"tlid-translation translation\" lang=\"et\">T\u00f6\u00f6 silmadega \u2013 korrigeeriv silmameik, loomulik silmameik, suitsusilm <\/span><\/li>\n<li class=\"bullet-checkmark\"><span class=\"tlid-translation translation\" lang=\"et\">T\u00f6\u00f6 kompaktsete ja kreemjate lauv\u00e4rvidega <\/span><\/li>\n<li class=\"bullet-checkmark\"><span class=\"tlid-translation translation\" lang=\"et\">T\u00f6\u00f6 silmapliiatsite, vedelate, kreemjate ja \u2018cake\u2019-laineritega <\/span><\/li>\n<li class=\"bullet-checkmark\"><span class=\"tlid-translation translation\" lang=\"et\">T\u00f6\u00f6 ripsmetega \u2013 ripsmetu\u0161\u0161id, kunstripsmete pealekandmine (ribaripsmed ja \u00fcksikud ripsmed) <\/span><\/li>\n<li class=\"bullet-checkmark\"><span class=\"tlid-translation translation\" lang=\"et\">Erinevad meigid \u2013 loomulik ilumeik, korrigeeriv meik, t\u00f6\u00f6tamine eaka nahaga, meik ilupildistamiseks, pruudi- ja kauap\u00fcsiv meik <\/span><\/li>\n<li class=\"bullet-checkmark\"><span class=\"tlid-translation translation\" lang=\"et\">Erinevate vigade parandamine lihtsate sammudega, ilma l\u00f5pptulemuse rikkumata <\/span><\/li>\n<li class=\"bullet-checkmark\"><span class=\"tlid-translation translation\" lang=\"et\">Oma teenuste turustamine ja kliendibaasi loomine<\/span><\/li>\n<\/ul>\n<\/div>\n<p>SUPER: 1 t\u00e4iendav praktikatund <\/p>\n<p>PREMIUM: 2 t\u00e4iendavat praktikatundi<\/p>\n<p><a href=\"https:\/\/glowmakeup.com\/et\/makeup-school\/\">Lisa info &gt;&gt;<\/a><\/p>\n","protected":false},"excerpt":{"rendered":"<h4><span class=\"tlid-translation translation\" lang=\"et\"><span class=\"\" title=\"\">\u00dcks parimatest ilumeigikoolitustest, mis aitab sul m\u00f5ista mitte ainult v\u00e4rviteooriat, h\u00e4davajalikke t\u00f6\u00f6riistu ja tooteid, vaid aitab omandada iga naist kaunistavad meigitehnikad, nagu korrigeeriv p\u00e4eva-, \u00f5htu-, pulma- ja fotomeik<\/span><\/span><\/h4>\n","protected":false},"featured_media":59170,"template":"","meta":[],"product_brand":[],"product_cat":[120],"product_tag":[],"class_list":{"0":"post-61264","1":"product","2":"type-product","3":"status-publish","4":"has-post-thumbnail","6":"product_cat-makeup-school-et","8":"first","9":"instock","10":"sale","11":"shipping-taxable","12":"purchasable","13":"product-type-variable","14":"has-default-attributes"},"_links":{"self":[{"href":"https:\/\/glowmakeup.com\/et\/wp-json\/wp\/v2\/product\/61264","targetHints":{"allow":["GET"]}}],"collection":[{"href":"https:\/\/glowmakeup.com\/et\/wp-json\/wp\/v2\/product"}],"about":[{"href":"https:\/\/glowmakeup.com\/et\/wp-json\/wp\/v2\/types\/product"}],"wp:featuredmedia":[{"embeddable":true,"href":"https:\/\/glowmakeup.com\/et\/wp-json\/wp\/v2\/media\/59170"}],"wp:attachment":[{"href":"https:\/\/glowmakeup.com\/et\/wp-json\/wp\/v2\/media?parent=61264"}],"wp:term":[{"taxonomy":"product_brand","embeddable":true,"href":"https:\/\/glowmakeup.com\/et\/wp-json\/wp\/v2\/product_brand?post=61264"},{"taxonomy":"product_cat","embeddable":true,"href":"https:\/\/glowmakeup.com\/et\/wp-json\/wp\/v2\/product_cat?post=61264"},{"taxonomy":"product_tag","embeddable":true,"href":"https:\/\/glowmakeup.com\/et\/wp-json\/wp\/v2\/product_tag?post=61264"}],"curies":[{"name":"wp","href":"https:\/\/api.w.org\/{rel}","templated":true}]}}