{"id":63414,"date":"2020-09-29T21:56:27","date_gmt":"2020-09-29T20:56:27","guid":{"rendered":"https:\/\/glowmakeup.com\/product\/online-koolitus-jumestus-algajatele-opi-tegema-jumestust-nagu-professionaal-eesti-keelsete-suptiitritega\/"},"modified":"2022-08-15T11:34:13","modified_gmt":"2022-08-15T10:34:13","slug":"online-koolitus-jumestus-algajatele-opi-tegema-jumestust-nagu-professionaal-eesti-keelsete-suptiitritega","status":"publish","type":"product","link":"https:\/\/glowmakeup.com\/et\/product\/online-koolitus-jumestus-algajatele-opi-tegema-jumestust-nagu-professionaal-eesti-keelsete-suptiitritega\/","title":{"rendered":"Online meigikoolitus: inglise keeles eesti keelsete subtiitritega"},"content":{"rendered":"<p><strong>Sellelt kursuselt \u00f5pid:<\/strong><\/p>\n<ul>\n<li>valima pintslid, t\u00f6\u00f6vahendid ja kosmeetika, hoolitsema nende eest ja kasutama neid parima tulemuse saavutamiseks;<\/li>\n<li>kasutama v\u00e4rviteooria p\u00f5him\u00f5tteid jumestuses v\u00e4rvide valimisel tehes jumestust nii endal, kui ka teistel naistel:<\/li>\n<li>tegema nahk veatumaks, kasutades erineva tekstuuriga jumestuskreeme;<\/li>\n<li>kasutama highlighter\u2019id ja varjuv\u00e4rvid professionaalselt, et luua n\u00e4ol s\u00fcgavuse illusioon ning skulptuursema ilme;<\/li>\n<li>kergelt korrigeerima kulmud ja t\u00e4iustama nende kaunist kuju;<br \/>\neffektiivsed silmakuju korrigeerimis- ja silmameigitehnikaid, mis toovad silmad esile ja teevad v\u00e4limuse ilmekamaks;<\/li>\n<li>kaasaaegsed viisid huuletoodete erinevate tekstuuridega t\u00f6\u00f6tamiseks, huulekuju korrigeerimiseks, huuled esilet\u00f5stmiseks v\u00f5i \u2019nude\u2019 huulemeigi teostamiseks, muutes silmameigi veelgi v\u00e4ljendusrikkamaks;<\/li>\n<li>tundma ennast enesekindlamana t\u00f6\u00f6tades teiste naistega;<\/li>\n<li>tegema kauap\u00fcsivat jumestust, mis r\u00f5hutab loomuliku ilu.<\/li>\n<\/ul>\n<p><strong>N\u00f5udmised osalejatele<\/strong><\/p>\n<p>Koolitusel osalemiseks pole mingeid erin\u00f5udeid, piisab vaid sinu soovist \u00f5ppida midagi uut iluvadkonnast.<\/p>\n<p><strong>Lisainfo<\/strong><\/p>\n<p>K\u00f5ikide koolituste videote vaatamine v\u00f5tab aega umbes 10 tundi. Lisaks video\u00f5petustele saad ka p\u00f5hjaliku konspekti ja loetelu kvaliteetsetest k\u00f5rgelt hinnatud professionaalsetest kosmeetilistest toodetest, mida l\u00e4heb vaja k\u00f5igi nende jumestustehnikate harjutamiseks.<\/p>\n<p>Selleks, et saada koolituselt maksimumi, on soovituslik k\u00f5ik tehnikad kas v\u00f5i \u00fcks kord j\u00e4rgi teha. See v\u00f5tab aeka kuni 20 tundi. Ideaalis aga oskuste t\u00e4ielikuks omandamiseks, hea oleks teha k\u00f5ik tehnikad 2-3 korda j\u00e4rgi. Sel juhul koolituse l\u00e4bimine v\u00f5tab aega umbes 60 tundi, mis v\u00f5rdub profimeigikoolituse l\u00e4bimisega meigikoolis.<\/p>\n<p>Kui soovid koolitust l\u00e4bida enda meigioskuste arendamiseks ja t\u00e4iustamiseks, saad harjutada enda peal, kui aga unistad p\u00f5nevast jumestuskunstniku karj\u00e4\u00e4rist, siis peaksid leidma endale modelli(d) k\u00f5igi meigitehnikate harjutamiseks.<\/p>\n<p>K\u00f5ikidele online koolituse osalejatele pakub Glow Makeup kool personaalset tugi, korraldades igakuiseid TASUTA online-sessioone, kus Lana Vallo isiklikult vastab k\u00f5ikidele k\u00fcsimustele ja annab praktilised soovitused saadud oskuste rakendamiseks.<\/p>\n<p>Samuti on v\u00f5imalik v\u00f5tta juurde ka individuaalsed praktikatunnid Lana Vallo\u2019ga, seega soovi korral saad peale koolituse l\u00e4bimist harjutada need tehnikad koolituse looja Lana Vallo juhendamisel.<\/p>\n<p>Peale koolituse l\u00e4bimist saavad k\u00f5ik koolituse osalejad personaalse tunnistuse Glow Makeup rahvusvahelise ilukooli poolt.<\/p>\n<p><strong>NB!<\/strong> Koolitus on inglise keeles <strong><span style=\"text-decoration: underline;\">eestikeelsete subtiitritega<\/span><\/strong><\/p>\n","protected":false},"excerpt":{"rendered":"<p><strong>S\u00fcvendatud koolitus k\u00f5igile meigihuvilistele<\/strong><\/p>\n<p>Selle meigikoolituse k\u00e4igus omandad paljusid olulisi meigitehnikaid, mida professionaalsed jumestuskunstnikud kasutavad kaasaaegsete look\u2019ide loomiseks, \u00f5pid t\u00e4iustama enda ja teiste naiste kaunist v\u00e4limust, varjama v\u00e4iksemaid iluvigu, v\u00e4ljendama ennast loovalt ja viid oma meigioskused uuele tasemele.<\/p>\n<p>Koolitus koosneb 30 \u00f5ppevideost ning on kavandatud nii, et saad k\u00f5iki tehnikaid omandada j\u00e4rk-j\u00e4rgult, alustades suhteliselt lihtsatest tehnikatest, seej\u00e4rel liikudes edasi n\u00f5udlikumate meigitehnikate omandamiseni.<\/p>\n<p><strong>Detailne info koolituse kohta allpool<\/strong> \u2b07\ufe0f<\/p>\n","protected":false},"featured_media":66443,"template":"","meta":[],"product_brand":[],"product_cat":[120,45],"product_tag":[],"class_list":{"0":"post-63414","1":"product","2":"type-product","3":"status-publish","4":"has-post-thumbnail","6":"product_cat-makeup-school-et","7":"product_cat-outer-beauty","9":"first","10":"instock","11":"sale","12":"virtual","13":"purchasable","14":"product-type-simple"},"_links":{"self":[{"href":"https:\/\/glowmakeup.com\/et\/wp-json\/wp\/v2\/product\/63414","targetHints":{"allow":["GET"]}}],"collection":[{"href":"https:\/\/glowmakeup.com\/et\/wp-json\/wp\/v2\/product"}],"about":[{"href":"https:\/\/glowmakeup.com\/et\/wp-json\/wp\/v2\/types\/product"}],"wp:featuredmedia":[{"embeddable":true,"href":"https:\/\/glowmakeup.com\/et\/wp-json\/wp\/v2\/media\/66443"}],"wp:attachment":[{"href":"https:\/\/glowmakeup.com\/et\/wp-json\/wp\/v2\/media?parent=63414"}],"wp:term":[{"taxonomy":"product_brand","embeddable":true,"href":"https:\/\/glowmakeup.com\/et\/wp-json\/wp\/v2\/product_brand?post=63414"},{"taxonomy":"product_cat","embeddable":true,"href":"https:\/\/glowmakeup.com\/et\/wp-json\/wp\/v2\/product_cat?post=63414"},{"taxonomy":"product_tag","embeddable":true,"href":"https:\/\/glowmakeup.com\/et\/wp-json\/wp\/v2\/product_tag?post=63414"}],"curies":[{"name":"wp","href":"https:\/\/api.w.org\/{rel}","templated":true}]}}