{"id":65368,"date":"2020-08-29T16:13:17","date_gmt":"2020-08-29T15:13:17","guid":{"rendered":"https:\/\/glowmakeup.com\/product\/be-your-own-beauty-expert\/"},"modified":"2020-12-16T13:15:13","modified_gmt":"2020-12-16T12:15:13","slug":"be-your-own-beauty-expert","status":"publish","type":"product","link":"https:\/\/glowmakeup.com\/et\/product\/be-your-own-beauty-expert\/","title":{"rendered":"Ole ise enda Iluekspert"},"content":{"rendered":"<p>See 10-p\u00e4evane intensiivne meigikoolitus on k\u00f5ik mida vajad, et saada ise edna Ilueksperdiks, tunduvalt parandada nahakvaliteeti, \u00f5ppida valima enda v\u00e4limusele ja iseloomule sobivaid ilutooteid, luua kaasaaegne kulmukuju kodustes tingimustes ja muidugi lihtsaid korrigeeriva jumestuse v\u00f5tteid ning aegan\u00f5udvamaid pidulikuma meigitehhnikad t\u00e4htsateks s\u00fcndmusteks v\u00f5i pildistamisteks.<\/p>\n<p><strong><a href=\"https:\/\/glowmakeup.com\/et\/makeup-school\/be-your-own-beauty-expert\/?wpml_tm_saved=1\">T\u00c4IENDAV INFO KOOLITUSE KOHTA &gt;&gt;<\/a><\/strong><\/p>\n<p><a href=\"https:\/\/glowmakeup.com\/et\/makeup-school\/be-your-own-beauty-expert\/calendar\/\">KOOLITUSTE KALENDER &gt;&gt;<\/a><\/p>\n<p>*m\u00e4rgi ostu sooritamisel kommentaaridesse soovitud koolituse aeg (kuu), saad vajadusel seda muuta hiljem, saates meile kirja e-mailie: <a href=\"mailto:makeup@glowmakeup.com\">makeup@glowmakeup.com<\/a><\/p>\n","protected":false},"excerpt":{"rendered":"<p>Teadmised ja positiivne kogemus on parim kingitus, mida saad teha endale v\u00f5i enda omal\u00e4hedastele naistele. Mis v\u00f5ib olla parem, kui \u00f5ppida tooma oma ilu esile ja tunda ennast kauni ja enesekindlana iga p\u00e4ev! <\/p>\n<p>Valida on 3 hinnapaketi vahel, mis erinevad praktikatundide arvu poolest:<\/p>\n","protected":false},"featured_media":64392,"template":"","meta":[],"product_brand":[],"product_cat":[120],"product_tag":[],"class_list":{"0":"post-65368","1":"product","2":"type-product","3":"status-publish","4":"has-post-thumbnail","6":"product_cat-makeup-school-et","8":"first","9":"instock","10":"shipping-taxable","11":"product-type-variable","12":"has-default-attributes"},"_links":{"self":[{"href":"https:\/\/glowmakeup.com\/et\/wp-json\/wp\/v2\/product\/65368","targetHints":{"allow":["GET"]}}],"collection":[{"href":"https:\/\/glowmakeup.com\/et\/wp-json\/wp\/v2\/product"}],"about":[{"href":"https:\/\/glowmakeup.com\/et\/wp-json\/wp\/v2\/types\/product"}],"wp:featuredmedia":[{"embeddable":true,"href":"https:\/\/glowmakeup.com\/et\/wp-json\/wp\/v2\/media\/64392"}],"wp:attachment":[{"href":"https:\/\/glowmakeup.com\/et\/wp-json\/wp\/v2\/media?parent=65368"}],"wp:term":[{"taxonomy":"product_brand","embeddable":true,"href":"https:\/\/glowmakeup.com\/et\/wp-json\/wp\/v2\/product_brand?post=65368"},{"taxonomy":"product_cat","embeddable":true,"href":"https:\/\/glowmakeup.com\/et\/wp-json\/wp\/v2\/product_cat?post=65368"},{"taxonomy":"product_tag","embeddable":true,"href":"https:\/\/glowmakeup.com\/et\/wp-json\/wp\/v2\/product_tag?post=65368"}],"curies":[{"name":"wp","href":"https:\/\/api.w.org\/{rel}","templated":true}]}}