{"id":65372,"date":"2020-08-29T16:03:42","date_gmt":"2020-08-29T15:03:42","guid":{"rendered":"https:\/\/glowmakeup.com\/product\/individual-beauty-coaching\/"},"modified":"2021-11-17T13:31:19","modified_gmt":"2021-11-17T12:31:19","slug":"individual-beauty-coaching","status":"publish","type":"product","link":"https:\/\/glowmakeup.com\/et\/product\/individual-beauty-coaching\/","title":{"rendered":"Ilu-n\u00f5ustamine"},"content":{"rendered":"<p>Individuaalne Ilu-n\u00f5ustamine sisaldab endas 2 sessiooni, kestusega 3 tundi. Selle k\u00e4igus Lana Vallo jagab t\u00e4htsad teadmised Ilu ja meigi kohta, ning juhendab sind ilutehnikate omandamisel.<\/p>\n<p>K\u00f5ik \u00f5ppetunnid toimuvad Glow Makeup kooli privaatses vebinariruumis <strong>FreeConferenceCall<\/strong> keskkonnas.<\/p>\n<p><a href=\"https:\/\/glowmakeup.com\/et\/beauty-coaching\/\"><strong>Rohkem infot Ilu-n\u00f5ustamise kohta SIIN &gt;&gt;<\/strong><\/a><\/p>\n","protected":false},"excerpt":{"rendered":"<p>Ilu n\u00f5stamise k\u00e4igus Lana Vallo aitab t\u00e4iendada sinu ilu-rituaalid, annab soovitusi, kuidas hoolitseda oma naha terevise eest, ja muidugi kuidas teha nii kerget korrigeerivat, kui ka pidulikumat jumestust t\u00e4htsateks \u00fcritusteks, et tunneksid ennast ilusa ja enesekindlana iga p\u00e4ev.<\/p>\n","protected":false},"featured_media":79082,"template":"","meta":[],"product_brand":[],"product_cat":[557,120],"product_tag":[],"class_list":{"0":"post-65372","1":"product","2":"type-product","3":"status-publish","4":"has-post-thumbnail","6":"product_cat-health-beauty-et","7":"product_cat-makeup-school-et","9":"first","10":"instock","11":"shipping-taxable","12":"purchasable","13":"product-type-variable"},"_links":{"self":[{"href":"https:\/\/glowmakeup.com\/et\/wp-json\/wp\/v2\/product\/65372","targetHints":{"allow":["GET"]}}],"collection":[{"href":"https:\/\/glowmakeup.com\/et\/wp-json\/wp\/v2\/product"}],"about":[{"href":"https:\/\/glowmakeup.com\/et\/wp-json\/wp\/v2\/types\/product"}],"wp:featuredmedia":[{"embeddable":true,"href":"https:\/\/glowmakeup.com\/et\/wp-json\/wp\/v2\/media\/79082"}],"wp:attachment":[{"href":"https:\/\/glowmakeup.com\/et\/wp-json\/wp\/v2\/media?parent=65372"}],"wp:term":[{"taxonomy":"product_brand","embeddable":true,"href":"https:\/\/glowmakeup.com\/et\/wp-json\/wp\/v2\/product_brand?post=65372"},{"taxonomy":"product_cat","embeddable":true,"href":"https:\/\/glowmakeup.com\/et\/wp-json\/wp\/v2\/product_cat?post=65372"},{"taxonomy":"product_tag","embeddable":true,"href":"https:\/\/glowmakeup.com\/et\/wp-json\/wp\/v2\/product_tag?post=65372"}],"curies":[{"name":"wp","href":"https:\/\/api.w.org\/{rel}","templated":true}]}}