{"id":74388,"date":"2020-10-15T12:23:52","date_gmt":"2020-10-15T11:23:52","guid":{"rendered":"https:\/\/glowmakeup.com\/?post_type=product&#038;p=74388"},"modified":"2022-02-08T15:08:32","modified_gmt":"2022-02-08T14:08:32","slug":"beauty-fashion-makeup-course-marbella","status":"publish","type":"product","link":"https:\/\/glowmakeup.com\/et\/product\/beauty-fashion-makeup-course-marbella\/","title":{"rendered":"Beauty &#038; Fashion Makeup Course Marbella"},"content":{"rendered":"<p>KOOLITUSE KAVA:<\/p>\n<p>&#8211; 15 tundi online video-materjale<\/p>\n<p>&#8211; Personaalsed \u00fclesanded iseseisvaks t\u00f6\u00f6ks<\/p>\n<p>&#8211; ILUmeigikoolitus: 6 praktikatundi<\/p>\n<p>&#8211; MOEmeigikoolitus: 8 praktikatundi<\/p>\n<p>Lisainfo saamiseks <a href=\"https:\/\/glowmakeup.com\/et\/makeup-school\/professional-makeup-course-marbella\/\">VAJUTA SIIA<\/a><\/p>\n","protected":false},"excerpt":{"rendered":"<h4>Professional makeup course in Marbella &#8211; during this course you will learn everything you need to know to start creating variety of looks, from <em>elegant formal<\/em>, <em>timeless classic<\/em>, <em>romantic bridal <\/em>and <em>glamorous red carpet<\/em> to more <em>creative looks<\/em> for beauty and fashion photography either FOR YOURSELF or PROFESSIONALLY.<\/h4>\n","protected":false},"featured_media":59923,"template":"","meta":[],"product_brand":[],"product_cat":[120],"product_tag":[],"class_list":{"0":"post-74388","1":"product","2":"type-product","3":"status-publish","4":"has-post-thumbnail","6":"product_cat-makeup-school-et","8":"first","9":"instock","10":"sale","11":"shipping-taxable","12":"purchasable","13":"product-type-variable"},"_links":{"self":[{"href":"https:\/\/glowmakeup.com\/et\/wp-json\/wp\/v2\/product\/74388","targetHints":{"allow":["GET"]}}],"collection":[{"href":"https:\/\/glowmakeup.com\/et\/wp-json\/wp\/v2\/product"}],"about":[{"href":"https:\/\/glowmakeup.com\/et\/wp-json\/wp\/v2\/types\/product"}],"wp:featuredmedia":[{"embeddable":true,"href":"https:\/\/glowmakeup.com\/et\/wp-json\/wp\/v2\/media\/59923"}],"wp:attachment":[{"href":"https:\/\/glowmakeup.com\/et\/wp-json\/wp\/v2\/media?parent=74388"}],"wp:term":[{"taxonomy":"product_brand","embeddable":true,"href":"https:\/\/glowmakeup.com\/et\/wp-json\/wp\/v2\/product_brand?post=74388"},{"taxonomy":"product_cat","embeddable":true,"href":"https:\/\/glowmakeup.com\/et\/wp-json\/wp\/v2\/product_cat?post=74388"},{"taxonomy":"product_tag","embeddable":true,"href":"https:\/\/glowmakeup.com\/et\/wp-json\/wp\/v2\/product_tag?post=74388"}],"curies":[{"name":"wp","href":"https:\/\/api.w.org\/{rel}","templated":true}]}}